{"id":10914,"date":"2022-07-29T12:27:53","date_gmt":"2022-07-29T15:27:53","guid":{"rendered":"https:\/\/cachacapedrabranca.com.br\/home\/?page_id=10914"},"modified":"2022-08-13T09:44:27","modified_gmt":"2022-08-13T12:44:27","slug":"indicacao-geografica","status":"publish","type":"page","link":"https:\/\/cachacapedrabranca.com.br\/home\/indicacao-geografica\/","title":{"rendered":""},"content":{"rendered":"<div class=\"wpb-content-wrapper\"><p>[vc_row][vc_column][vc_empty_space][\/vc_column][\/vc_row][vc_row][vc_column][vc_custom_heading text=&#8221;Indica\u00e7\u00e3o Geogr\u00e1fica&#8221; font_container=&#8221;tag:h2|font_size:32|text_align:center&#8221; google_fonts=&#8221;font_family:Playball%3Aregular|font_style:400%20regular%3A400%3Anormal&#8221;][vc_empty_space][vc_row_inner][vc_column_inner width=&#8221;1\/4&#8243;][vc_single_image image=&#8221;10974&#8243; img_size=&#8221;full&#8221;][\/vc_column_inner][vc_column_inner width=&#8221;3\/4&#8243;][vc_empty_space][vc_custom_heading text=&#8221;A Indica\u00e7\u00e3o Geogr\u00e1fica \u2013 IG \u2013 prevista na nossa Lei de Propriedade Industrial, de 1996, visa reconhecer e proteger o nome geogr\u00e1fico da regi\u00e3o ou localidade que identifique algum produto ou servi\u00e7o t\u00edpico. A IG resulta na fideliza\u00e7\u00e3o do consumidor, que saber\u00e1, atrav\u00e9s do selo da Indica\u00e7\u00e3o Geogr\u00e1fica, que vai encontrar um produto de qualidade e com caracter\u00edsticas locais, peculiares a um determinado lugar. A Indica\u00e7\u00e3o Geogr\u00e1fica tamb\u00e9m favorece a melhoria da comercializa\u00e7\u00e3o, facilitando o acesso aos mercados atrav\u00e9s da propriedade coletiva. O produto com Indica\u00e7\u00e3o Geogr\u00e1fica ganha maior competitividade nos mercados interno e externo, uma vez que o certificado projeta imagem associada \u00e0s virtudes e \u00e0 tipifica\u00e7\u00e3o, promovendo uma garantia da qualidade, reputa\u00e7\u00e3o e identidade.&#8221; font_container=&#8221;tag:p|font_size:18|text_align:left&#8221; use_theme_fonts=&#8221;yes&#8221;][\/vc_column_inner][\/vc_row_inner][vc_custom_heading text=&#8221;A IG designa a origem controlada de um produto de determinado pa\u00eds, regi\u00e3o geogr\u00e1fica ou localidade que lhe confere caracter\u00edsticas especiais e exclusivas, oriundas dos valores hist\u00f3rico-culturais e da credibilidade absorvida ao longo do tempo e norteada por princ\u00edpios tais como a exist\u00eancia de fatores naturais e humanos regionais que marcam e personalizam esse produto, al\u00e9m da uniformidade, regime e volume de produ\u00e7\u00e3o.<br \/>\nNo dia 8 de maio de 2007, em evento realizado no Rio de Janeiro, a APACAP recebeu do INPI \u2013 Instituto Nacional da Propriedade Industrial \u2013 a certifica\u00e7\u00e3o da Indica\u00e7\u00e3o Geogr\u00e1fica de Proced\u00eancia \u201cParaty\u201d para o produto cacha\u00e7a. Tal reconhecimento foi de suma import\u00e2ncia para o setor da agroind\u00fastria da cacha\u00e7a no estado do Rio de Janeiro e no Brasil, visto que foi a quarta Indica\u00e7\u00e3o Geogr\u00e1fica reconhecida em nosso pa\u00eds e a primeira no setor de cacha\u00e7a.&#8221; font_container=&#8221;tag:p|font_size:18|text_align:left&#8221; use_theme_fonts=&#8221;yes&#8221;][\/vc_column][\/vc_row]<\/p>\n<\/div>","protected":false},"excerpt":{"rendered":"<p>[vc_row][vc_column][vc_empty_space][\/vc_column][\/vc_row][vc_row][vc_column][vc_custom_heading text=&#8221;Indica\u00e7\u00e3o Geogr\u00e1fica&#8221; font_container=&#8221;tag:h2|font_size:32|text_align:center&#8221; google_fonts=&#8221;font_family:Playball%3Aregular|font_style:400%20regular%3A400%3Anormal&#8221;][vc_empty_space][vc_row_inner][vc_column_inner width=&#8221;1\/4&#8243;][vc_single_image image=&#8221;10974&#8243; img_size=&#8221;full&#8221;][\/vc_column_inner][vc_column_inner width=&#8221;3\/4&#8243;][vc_empty_space][vc_custom_heading text=&#8221;A Indica\u00e7\u00e3o Geogr\u00e1fica \u2013 IG \u2013 prevista na nossa Lei de Propriedade Industrial, de 1996, visa reconhecer e proteger o nome geogr\u00e1fico da regi\u00e3o ou localidade que identifique algum produto ou &hellip; <a href=\"https:\/\/cachacapedrabranca.com.br\/home\/indicacao-geografica\/\">Readmore<\/a><\/p>\n","protected":false},"author":1,"featured_media":0,"parent":0,"menu_order":0,"comment_status":"closed","ping_status":"closed","template":"","meta":{"_acf_changed":false,"footnotes":""},"class_list":["post-10914","page","type-page","status-publish","hentry"],"acf":[],"aioseo_notices":[],"_links":{"self":[{"href":"https:\/\/cachacapedrabranca.com.br\/home\/wp-json\/wp\/v2\/pages\/10914","targetHints":{"allow":["GET"]}}],"collection":[{"href":"https:\/\/cachacapedrabranca.com.br\/home\/wp-json\/wp\/v2\/pages"}],"about":[{"href":"https:\/\/cachacapedrabranca.com.br\/home\/wp-json\/wp\/v2\/types\/page"}],"author":[{"embeddable":true,"href":"https:\/\/cachacapedrabranca.com.br\/home\/wp-json\/wp\/v2\/users\/1"}],"replies":[{"embeddable":true,"href":"https:\/\/cachacapedrabranca.com.br\/home\/wp-json\/wp\/v2\/comments?post=10914"}],"version-history":[{"count":10,"href":"https:\/\/cachacapedrabranca.com.br\/home\/wp-json\/wp\/v2\/pages\/10914\/revisions"}],"predecessor-version":[{"id":11292,"href":"https:\/\/cachacapedrabranca.com.br\/home\/wp-json\/wp\/v2\/pages\/10914\/revisions\/11292"}],"wp:attachment":[{"href":"https:\/\/cachacapedrabranca.com.br\/home\/wp-json\/wp\/v2\/media?parent=10914"}],"curies":[{"name":"wp","href":"https:\/\/api.w.org\/{rel}","templated":true}]}}