{"id":10919,"date":"2022-07-29T12:30:13","date_gmt":"2022-07-29T15:30:13","guid":{"rendered":"https:\/\/cachacapedrabranca.com.br\/home\/?page_id=10919"},"modified":"2022-10-19T12:39:37","modified_gmt":"2022-10-19T15:39:37","slug":"visitacao","status":"publish","type":"page","link":"https:\/\/cachacapedrabranca.com.br\/home\/visitacao\/","title":{"rendered":""},"content":{"rendered":"<div class=\"wpb-content-wrapper\"><p>[vc_row][vc_column][vc_custom_heading text=&#8221;Visita\u00e7\u00e3o&#8221; font_container=&#8221;tag:h2|font_size:32|text_align:center&#8221; google_fonts=&#8221;font_family:Playball%3Aregular|font_style:400%20regular%3A400%3Anormal&#8221;][\/vc_column][\/vc_row][vc_row][vc_column][vc_empty_space][\/vc_column][\/vc_row][vc_row][vc_column][vc_custom_heading text=&#8221;Aberto para visita\u00e7\u00e3o diariamente das 09:30h as 17:00h.&#8221; font_container=&#8221;tag:h2|font_size:18|text_align:left|color:%23000000&#8243;][\/vc_column][\/vc_row][vc_row][vc_column][vc_empty_space][\/vc_column][\/vc_row][vc_row][vc_column][vc_custom_heading text=&#8221;Venha conhecer nosso processo de produ\u00e7\u00e3o e fazer uma degusta\u00e7\u00e3o orientada de todos os nossos produtos.<br \/>\nTrabalhamos tamb\u00e9m com diversos produtos da regi\u00e3o como doces, geleias, queijos, antepastos, etc.<br \/>\nVenha fazer um passeio pela nossa hist\u00f3ria.&#8221; font_container=&#8221;tag:p|font_size:18|text_align:left&#8221; use_theme_fonts=&#8221;yes&#8221;][\/vc_column][\/vc_row][vc_row][vc_column][vc_custom_heading text=&#8221;O s\u00edtio Pedra Branca est\u00e1 localizado em uma das mais belas regi\u00f5es de Paraty, o vale da Pedra Branca. Regi\u00e3o de natureza preservada, de belas cachoeiras e vistas para o mar e para a serra. O s\u00edtio \u00e9 cortado pela trilha da estrada da patrulha, trecho do antigo caminho do ouro, numa regi\u00e3o de antigas fazendas produtoras de cacha\u00e7a. \u00c9 neste ambiente de hist\u00f3ria e cultura, envolta pela mata atl\u00e2ntica e apreciando a beleza da ba\u00eda de Paraty que nasce a cacha\u00e7a Pedra Branca, a mais nova tradi\u00e7\u00e3o de Paraty.<br \/>\nAguardamos sua visita!&#8221; font_container=&#8221;tag:p|font_size:18|text_align:left&#8221; use_theme_fonts=&#8221;yes&#8221;][\/vc_column][\/vc_row][vc_row][vc_column][vc_custom_heading text=&#8221;Estrada da Pedra Branca, km 01, Ponte Branca \u2013 Paraty \/ RJ&#8221;][\/vc_column][\/vc_row][vc_row][vc_column][vc_custom_heading text=&#8221;Tel.: (24) 999458866<br \/>\ninstagram: @alambiquepedrabranca&#8221;][vc_empty_space][\/vc_column][\/vc_row][vc_row][vc_column][vc_masonry_media_grid grid_id=&#8221;vc_gid:1666193927083-69173d2b-0697-9&#8243; include=&#8221;11223,11224,11225,11226,11227,11229,11230,11231,11232,11234,11235&#8243;][\/vc_column][\/vc_row]<\/p>\n<\/div>","protected":false},"excerpt":{"rendered":"<p>[vc_row][vc_column][vc_custom_heading text=&#8221;Visita\u00e7\u00e3o&#8221; font_container=&#8221;tag:h2|font_size:32|text_align:center&#8221; google_fonts=&#8221;font_family:Playball%3Aregular|font_style:400%20regular%3A400%3Anormal&#8221;][\/vc_column][\/vc_row][vc_row][vc_column][vc_empty_space][\/vc_column][\/vc_row][vc_row][vc_column][vc_custom_heading text=&#8221;Aberto para visita\u00e7\u00e3o diariamente das 09:30h as 17:00h.&#8221; font_container=&#8221;tag:h2|font_size:18|text_align:left|color:%23000000&#8243;][\/vc_column][\/vc_row][vc_row][vc_column][vc_empty_space][\/vc_column][\/vc_row][vc_row][vc_column][vc_custom_heading text=&#8221;Venha conhecer nosso processo de produ\u00e7\u00e3o e fazer uma degusta\u00e7\u00e3o orientada de todos os nossos produtos. Trabalhamos tamb\u00e9m com diversos produtos da regi\u00e3o como doces, geleias, queijos, &hellip; <a href=\"https:\/\/cachacapedrabranca.com.br\/home\/visitacao\/\">Readmore<\/a><\/p>\n","protected":false},"author":1,"featured_media":0,"parent":0,"menu_order":0,"comment_status":"closed","ping_status":"closed","template":"","meta":{"_acf_changed":false,"footnotes":""},"class_list":["post-10919","page","type-page","status-publish","hentry"],"acf":[],"aioseo_notices":[],"_links":{"self":[{"href":"https:\/\/cachacapedrabranca.com.br\/home\/wp-json\/wp\/v2\/pages\/10919","targetHints":{"allow":["GET"]}}],"collection":[{"href":"https:\/\/cachacapedrabranca.com.br\/home\/wp-json\/wp\/v2\/pages"}],"about":[{"href":"https:\/\/cachacapedrabranca.com.br\/home\/wp-json\/wp\/v2\/types\/page"}],"author":[{"embeddable":true,"href":"https:\/\/cachacapedrabranca.com.br\/home\/wp-json\/wp\/v2\/users\/1"}],"replies":[{"embeddable":true,"href":"https:\/\/cachacapedrabranca.com.br\/home\/wp-json\/wp\/v2\/comments?post=10919"}],"version-history":[{"count":14,"href":"https:\/\/cachacapedrabranca.com.br\/home\/wp-json\/wp\/v2\/pages\/10919\/revisions"}],"predecessor-version":[{"id":11384,"href":"https:\/\/cachacapedrabranca.com.br\/home\/wp-json\/wp\/v2\/pages\/10919\/revisions\/11384"}],"wp:attachment":[{"href":"https:\/\/cachacapedrabranca.com.br\/home\/wp-json\/wp\/v2\/media?parent=10919"}],"curies":[{"name":"wp","href":"https:\/\/api.w.org\/{rel}","templated":true}]}}