{"id":11025,"date":"2022-08-04T15:37:59","date_gmt":"2022-08-04T18:37:59","guid":{"rendered":"https:\/\/cachacapedrabranca.com.br\/home\/?page_id=11025"},"modified":"2022-08-04T15:38:13","modified_gmt":"2022-08-04T18:38:13","slug":"moagem","status":"publish","type":"page","link":"https:\/\/cachacapedrabranca.com.br\/home\/moagem\/","title":{"rendered":""},"content":{"rendered":"<div class=\"wpb-content-wrapper\"><p>[vc_row][vc_column][\/vc_column][\/vc_row][vc_row][vc_column][vc_custom_heading text=&#8221;Moagem&#8221; font_container=&#8221;tag:h2|font_size:32|text_align:center&#8221; use_theme_fonts=&#8221;yes&#8221;][vc_empty_space][\/vc_column][\/vc_row][vc_row][vc_column][vc_custom_heading text=&#8221;O engenho utilizado para a extra\u00e7\u00e3o da garapa (caldo de cana) \u00e9 uma moenda de um terno de rolos, movido \u00e0 energia el\u00e9trica, que proporciona uma boa extra\u00e7\u00e3o do caldo e produz um baga\u00e7o bem triturado que \u00e9 reutilizado nos canaviais e na produ\u00e7\u00e3o de compostagem para adubo org\u00e2nico.&#8221; font_container=&#8221;tag:p|font_size:18|text_align:left&#8221; use_theme_fonts=&#8221;yes&#8221;][\/vc_column][\/vc_row][vc_row][vc_column][vc_masonry_media_grid grid_id=&#8221;vc_gid:1659638086992-f8e6179b-717b-9&#8243; include=&#8221;11026,11027,11028,11029,11030&#8243;][\/vc_column][\/vc_row]<\/p>\n<\/div>","protected":false},"excerpt":{"rendered":"<p>[vc_row][vc_column][\/vc_column][\/vc_row][vc_row][vc_column][vc_custom_heading text=&#8221;Moagem&#8221; font_container=&#8221;tag:h2|font_size:32|text_align:center&#8221; use_theme_fonts=&#8221;yes&#8221;][vc_empty_space][\/vc_column][\/vc_row][vc_row][vc_column][vc_custom_heading text=&#8221;O engenho utilizado para a extra\u00e7\u00e3o da garapa (caldo de cana) \u00e9 uma moenda de um terno de rolos, movido \u00e0 energia el\u00e9trica, que proporciona uma boa extra\u00e7\u00e3o do caldo e produz um baga\u00e7o bem triturado &hellip; <a href=\"https:\/\/cachacapedrabranca.com.br\/home\/moagem\/\">Readmore<\/a><\/p>\n","protected":false},"author":1,"featured_media":0,"parent":0,"menu_order":0,"comment_status":"closed","ping_status":"closed","template":"","meta":{"_acf_changed":false,"footnotes":""},"class_list":["post-11025","page","type-page","status-publish","hentry"],"acf":[],"aioseo_notices":[],"_links":{"self":[{"href":"https:\/\/cachacapedrabranca.com.br\/home\/wp-json\/wp\/v2\/pages\/11025","targetHints":{"allow":["GET"]}}],"collection":[{"href":"https:\/\/cachacapedrabranca.com.br\/home\/wp-json\/wp\/v2\/pages"}],"about":[{"href":"https:\/\/cachacapedrabranca.com.br\/home\/wp-json\/wp\/v2\/types\/page"}],"author":[{"embeddable":true,"href":"https:\/\/cachacapedrabranca.com.br\/home\/wp-json\/wp\/v2\/users\/1"}],"replies":[{"embeddable":true,"href":"https:\/\/cachacapedrabranca.com.br\/home\/wp-json\/wp\/v2\/comments?post=11025"}],"version-history":[{"count":1,"href":"https:\/\/cachacapedrabranca.com.br\/home\/wp-json\/wp\/v2\/pages\/11025\/revisions"}],"predecessor-version":[{"id":11031,"href":"https:\/\/cachacapedrabranca.com.br\/home\/wp-json\/wp\/v2\/pages\/11025\/revisions\/11031"}],"wp:attachment":[{"href":"https:\/\/cachacapedrabranca.com.br\/home\/wp-json\/wp\/v2\/media?parent=11025"}],"curies":[{"name":"wp","href":"https:\/\/api.w.org\/{rel}","templated":true}]}}