{"id":11032,"date":"2022-08-04T15:42:54","date_gmt":"2022-08-04T18:42:54","guid":{"rendered":"https:\/\/cachacapedrabranca.com.br\/home\/?page_id=11032"},"modified":"2022-08-04T15:43:37","modified_gmt":"2022-08-04T18:43:37","slug":"geracao-de-vapor","status":"publish","type":"page","link":"https:\/\/cachacapedrabranca.com.br\/home\/geracao-de-vapor\/","title":{"rendered":""},"content":{"rendered":"<div class=\"wpb-content-wrapper\"><p>[vc_row][vc_column][\/vc_column][\/vc_row][vc_row][vc_column][vc_custom_heading text=&#8221;Gera\u00e7\u00e3o de Vapor&#8221; font_container=&#8221;tag:h2|font_size:32|text_align:center&#8221; use_theme_fonts=&#8221;yes&#8221;][vc_empty_space][\/vc_column][\/vc_row][vc_row][vc_column][vc_custom_heading text=&#8221;O S\u00edtio Pedra Branca utiliza uma caldeira para gera\u00e7\u00e3o de vapor que \u00e9 utilizado para o aquecimento do alambique e higieniza\u00e7\u00e3o das \u00e1reas de produ\u00e7\u00e3o.<br \/>\nA caldeira utilizada \u00e9 toda automatizada e com v\u00e1lvulas de al\u00edvio, o que proporciona efici\u00eancia e seguran\u00e7a no uso do equipamento. Sua fornalha \u00e9 dimensionada para queima de baga\u00e7o de cana como combust\u00edvel principal, reutilizando o que seria um subproduto gerado e diminuindo a necessidade do uso de lenha.&#8221; font_container=&#8221;tag:p|font_size:18|text_align:left&#8221; use_theme_fonts=&#8221;yes&#8221;][\/vc_column][\/vc_row][vc_row][vc_column][vc_masonry_media_grid grid_id=&#8221;vc_gid:1659638578913-8404ea48-8579-1&#8243; include=&#8221;11033,11034,11035,11036,11037&#8243;][\/vc_column][\/vc_row]<\/p>\n<\/div>","protected":false},"excerpt":{"rendered":"<p>[vc_row][vc_column][\/vc_column][\/vc_row][vc_row][vc_column][vc_custom_heading text=&#8221;Gera\u00e7\u00e3o de Vapor&#8221; font_container=&#8221;tag:h2|font_size:32|text_align:center&#8221; use_theme_fonts=&#8221;yes&#8221;][vc_empty_space][\/vc_column][\/vc_row][vc_row][vc_column][vc_custom_heading text=&#8221;O S\u00edtio Pedra Branca utiliza uma caldeira para gera\u00e7\u00e3o de vapor que \u00e9 utilizado para o aquecimento do alambique e higieniza\u00e7\u00e3o das \u00e1reas de produ\u00e7\u00e3o. A caldeira utilizada \u00e9 toda automatizada e com v\u00e1lvulas &hellip; <a href=\"https:\/\/cachacapedrabranca.com.br\/home\/geracao-de-vapor\/\">Readmore<\/a><\/p>\n","protected":false},"author":1,"featured_media":0,"parent":0,"menu_order":0,"comment_status":"closed","ping_status":"closed","template":"","meta":{"_acf_changed":false,"footnotes":""},"class_list":["post-11032","page","type-page","status-publish","hentry"],"acf":[],"aioseo_notices":[],"_links":{"self":[{"href":"https:\/\/cachacapedrabranca.com.br\/home\/wp-json\/wp\/v2\/pages\/11032","targetHints":{"allow":["GET"]}}],"collection":[{"href":"https:\/\/cachacapedrabranca.com.br\/home\/wp-json\/wp\/v2\/pages"}],"about":[{"href":"https:\/\/cachacapedrabranca.com.br\/home\/wp-json\/wp\/v2\/types\/page"}],"author":[{"embeddable":true,"href":"https:\/\/cachacapedrabranca.com.br\/home\/wp-json\/wp\/v2\/users\/1"}],"replies":[{"embeddable":true,"href":"https:\/\/cachacapedrabranca.com.br\/home\/wp-json\/wp\/v2\/comments?post=11032"}],"version-history":[{"count":3,"href":"https:\/\/cachacapedrabranca.com.br\/home\/wp-json\/wp\/v2\/pages\/11032\/revisions"}],"predecessor-version":[{"id":11039,"href":"https:\/\/cachacapedrabranca.com.br\/home\/wp-json\/wp\/v2\/pages\/11032\/revisions\/11039"}],"wp:attachment":[{"href":"https:\/\/cachacapedrabranca.com.br\/home\/wp-json\/wp\/v2\/media?parent=11032"}],"curies":[{"name":"wp","href":"https:\/\/api.w.org\/{rel}","templated":true}]}}