{"id":11041,"date":"2022-08-04T15:47:11","date_gmt":"2022-08-04T18:47:11","guid":{"rendered":"https:\/\/cachacapedrabranca.com.br\/home\/?page_id=11041"},"modified":"2022-08-04T15:49:46","modified_gmt":"2022-08-04T18:49:46","slug":"destilacao","status":"publish","type":"page","link":"https:\/\/cachacapedrabranca.com.br\/home\/destilacao\/","title":{"rendered":""},"content":{"rendered":"<div class=\"wpb-content-wrapper\"><p>[vc_row][vc_column][\/vc_column][\/vc_row][vc_row][vc_column][vc_custom_heading text=&#8221;Destila\u00e7\u00e3o&#8221; font_container=&#8221;tag:h2|font_size:32|text_align:center&#8221; use_theme_fonts=&#8221;yes&#8221;][vc_empty_space][\/vc_column][\/vc_row][vc_row][vc_column][vc_custom_heading text=&#8221;A cacha\u00e7a Pedra Branca \u00e9 destilada em um conjunto de destila\u00e7\u00e3o de alta tecnologia, formado por um alambique de cobre, pr\u00e9-aquecedor de vinho, resfriadeira e caixa receptora de cacha\u00e7a, onde s\u00e3o separadas a cabe\u00e7a, o cora\u00e7\u00e3o e a calda, garantindo a produ\u00e7\u00e3o de uma cacha\u00e7a pura e de alt\u00edssima qualidade.&#8221; font_container=&#8221;tag:p|font_size:18|text_align:left&#8221; use_theme_fonts=&#8221;yes&#8221;][\/vc_column][\/vc_row][vc_row][vc_column][vc_masonry_media_grid element_width=&#8221;3&#8243; grid_id=&#8221;vc_gid:1659638944817-5102a4fb-e4ec-6&#8243; include=&#8221;11042,11043,11044,11045&#8243;][\/vc_column][\/vc_row]<\/p>\n<\/div>","protected":false},"excerpt":{"rendered":"<p>[vc_row][vc_column][\/vc_column][\/vc_row][vc_row][vc_column][vc_custom_heading text=&#8221;Destila\u00e7\u00e3o&#8221; font_container=&#8221;tag:h2|font_size:32|text_align:center&#8221; use_theme_fonts=&#8221;yes&#8221;][vc_empty_space][\/vc_column][\/vc_row][vc_row][vc_column][vc_custom_heading text=&#8221;A cacha\u00e7a Pedra Branca \u00e9 destilada em um conjunto de destila\u00e7\u00e3o de alta tecnologia, formado por um alambique de cobre, pr\u00e9-aquecedor de vinho, resfriadeira e caixa receptora de cacha\u00e7a, onde s\u00e3o separadas a cabe\u00e7a, o cora\u00e7\u00e3o &hellip; <a href=\"https:\/\/cachacapedrabranca.com.br\/home\/destilacao\/\">Readmore<\/a><\/p>\n","protected":false},"author":1,"featured_media":0,"parent":0,"menu_order":0,"comment_status":"closed","ping_status":"closed","template":"","meta":{"_acf_changed":false,"footnotes":""},"class_list":["post-11041","page","type-page","status-publish","hentry"],"acf":[],"aioseo_notices":[],"_links":{"self":[{"href":"https:\/\/cachacapedrabranca.com.br\/home\/wp-json\/wp\/v2\/pages\/11041","targetHints":{"allow":["GET"]}}],"collection":[{"href":"https:\/\/cachacapedrabranca.com.br\/home\/wp-json\/wp\/v2\/pages"}],"about":[{"href":"https:\/\/cachacapedrabranca.com.br\/home\/wp-json\/wp\/v2\/types\/page"}],"author":[{"embeddable":true,"href":"https:\/\/cachacapedrabranca.com.br\/home\/wp-json\/wp\/v2\/users\/1"}],"replies":[{"embeddable":true,"href":"https:\/\/cachacapedrabranca.com.br\/home\/wp-json\/wp\/v2\/comments?post=11041"}],"version-history":[{"count":5,"href":"https:\/\/cachacapedrabranca.com.br\/home\/wp-json\/wp\/v2\/pages\/11041\/revisions"}],"predecessor-version":[{"id":11048,"href":"https:\/\/cachacapedrabranca.com.br\/home\/wp-json\/wp\/v2\/pages\/11041\/revisions\/11048"}],"wp:attachment":[{"href":"https:\/\/cachacapedrabranca.com.br\/home\/wp-json\/wp\/v2\/media?parent=11041"}],"curies":[{"name":"wp","href":"https:\/\/api.w.org\/{rel}","templated":true}]}}