{"id":11052,"date":"2022-08-04T15:53:11","date_gmt":"2022-08-04T18:53:11","guid":{"rendered":"https:\/\/cachacapedrabranca.com.br\/home\/?page_id=11052"},"modified":"2022-08-13T12:41:16","modified_gmt":"2022-08-13T15:41:16","slug":"melado","status":"publish","type":"page","link":"https:\/\/cachacapedrabranca.com.br\/home\/melado\/","title":{"rendered":""},"content":{"rendered":"<div class=\"wpb-content-wrapper\"><p>[vc_row][vc_column][\/vc_column][\/vc_row][vc_row][vc_column][vc_custom_heading text=&#8221;Melado de Cana&#8221; font_container=&#8221;tag:h2|font_size:32|text_align:center&#8221; use_theme_fonts=&#8221;yes&#8221;][vc_empty_space][\/vc_column][\/vc_row][vc_row][vc_column][vc_custom_heading text=&#8221;O melado de cana \u00e9 um alimento nutritivo, rico em minerais e fonte de energia para o corpo.<br \/>\nTamb\u00e9m pode atuar como ado\u00e7ante natural, substituindo o a\u00e7\u00facar industrializado, por ser rico em ferro, \u00e9 ideal para pessoas an\u00eamicas e mulheres gr\u00e1vidas ou de menstrua\u00e7\u00e3o intensa.<br \/>\nAuxilia no crescimento e desenvolvimento dos ossos.<br \/>\nPot\u00e1ssio, benef\u00edcio para o sistema nervoso e ajuda manter o sistema cardiovascular saud\u00e1vel.<br \/>\nSel\u00eanio, poderoso antioxidante, prevenindo doen\u00e7as cancerosas&#8221; font_container=&#8221;tag:p|font_size:18|text_align:left&#8221; use_theme_fonts=&#8221;yes&#8221;][vc_empty_space][\/vc_column][\/vc_row][vc_row][vc_column][vc_masonry_media_grid element_width=&#8221;6&#8243; grid_id=&#8221;vc_gid:1660405242778-2ebebd76-e14b-9&#8243; include=&#8221;11053,11054&#8243;][\/vc_column][\/vc_row]<\/p>\n<\/div>","protected":false},"excerpt":{"rendered":"<p>[vc_row][vc_column][\/vc_column][\/vc_row][vc_row][vc_column][vc_custom_heading text=&#8221;Melado de Cana&#8221; font_container=&#8221;tag:h2|font_size:32|text_align:center&#8221; use_theme_fonts=&#8221;yes&#8221;][vc_empty_space][\/vc_column][\/vc_row][vc_row][vc_column][vc_custom_heading text=&#8221;O melado de cana \u00e9 um alimento nutritivo, rico em minerais e fonte de energia para o corpo. Tamb\u00e9m pode atuar como ado\u00e7ante natural, substituindo o a\u00e7\u00facar industrializado, por ser rico em ferro, \u00e9 &hellip; <a href=\"https:\/\/cachacapedrabranca.com.br\/home\/melado\/\">Readmore<\/a><\/p>\n","protected":false},"author":1,"featured_media":0,"parent":0,"menu_order":0,"comment_status":"closed","ping_status":"closed","template":"","meta":{"_acf_changed":false,"footnotes":""},"class_list":["post-11052","page","type-page","status-publish","hentry"],"acf":[],"aioseo_notices":[],"_links":{"self":[{"href":"https:\/\/cachacapedrabranca.com.br\/home\/wp-json\/wp\/v2\/pages\/11052","targetHints":{"allow":["GET"]}}],"collection":[{"href":"https:\/\/cachacapedrabranca.com.br\/home\/wp-json\/wp\/v2\/pages"}],"about":[{"href":"https:\/\/cachacapedrabranca.com.br\/home\/wp-json\/wp\/v2\/types\/page"}],"author":[{"embeddable":true,"href":"https:\/\/cachacapedrabranca.com.br\/home\/wp-json\/wp\/v2\/users\/1"}],"replies":[{"embeddable":true,"href":"https:\/\/cachacapedrabranca.com.br\/home\/wp-json\/wp\/v2\/comments?post=11052"}],"version-history":[{"count":9,"href":"https:\/\/cachacapedrabranca.com.br\/home\/wp-json\/wp\/v2\/pages\/11052\/revisions"}],"predecessor-version":[{"id":11330,"href":"https:\/\/cachacapedrabranca.com.br\/home\/wp-json\/wp\/v2\/pages\/11052\/revisions\/11330"}],"wp:attachment":[{"href":"https:\/\/cachacapedrabranca.com.br\/home\/wp-json\/wp\/v2\/media?parent=11052"}],"curies":[{"name":"wp","href":"https:\/\/api.w.org\/{rel}","templated":true}]}}