{"id":11295,"date":"2022-08-13T10:04:43","date_gmt":"2022-08-13T13:04:43","guid":{"rendered":"https:\/\/cachacapedrabranca.com.br\/home\/?page_id=11295"},"modified":"2022-08-13T13:22:57","modified_gmt":"2022-08-13T16:22:57","slug":"missao","status":"publish","type":"page","link":"https:\/\/cachacapedrabranca.com.br\/home\/missao\/","title":{"rendered":""},"content":{"rendered":"<div class=\"wpb-content-wrapper\"><p>[vc_row][vc_column][vc_custom_heading text=&#8221;Miss\u00e3o, vis\u00e3o e valores&#8221; font_container=&#8221;tag:h2|font_size:32|text_align:center&#8221; google_fonts=&#8221;font_family:Playball%3Aregular|font_style:400%20regular%3A400%3Anormal&#8221;][vc_empty_space][\/vc_column][\/vc_row][vc_row][vc_column width=&#8221;1\/4&#8243;][vc_single_image image=&#8221;11301&#8243; img_size=&#8221;medium&#8221;][\/vc_column][vc_column width=&#8221;3\/4&#8243;][vc_empty_space height=&#8221;52px&#8221;][vc_custom_heading text=&#8221;NOSSO NEG\u00d3CIO&#8221;][vc_custom_heading text=&#8221;somos um empreendimento agroindustrial, comercial e tur\u00edstico, com produ\u00e7\u00e3o e venda de cacha\u00e7as, licores, melado de cana e demais produtos t\u00edpicos de Paraty, com foco cultural e de lazer.&#8221; font_container=&#8221;tag:p|font_size:16|text_align:left&#8221; use_theme_fonts=&#8221;yes&#8221;][\/vc_column][\/vc_row][vc_row][vc_column][vc_empty_space][\/vc_column][\/vc_row][vc_row][vc_column][vc_row_inner][vc_column_inner width=&#8221;1\/3&#8243;][vc_custom_heading text=&#8221;MISS\u00c3O&#8221; font_container=&#8221;tag:h2|text_align:center&#8221;][vc_empty_space][vc_custom_heading text=&#8221;Promover aos clientes e visitantes uma experi\u00eancia tur\u00edstica, com acesso a cultura e aos sabores das cacha\u00e7as, licores e demais produtos t\u00edpicos de Paraty. Com qualidade diferenciada, conciliando a tecnologia com a tradi\u00e7\u00e3o, com responsabilidade ambiental e social e gerando emprego e renda na regi\u00e3o.&#8221; font_container=&#8221;tag:p|font_size:16|text_align:left&#8221; use_theme_fonts=&#8221;yes&#8221;][\/vc_column_inner][vc_column_inner width=&#8221;1\/3&#8243;][vc_custom_heading text=&#8221;VIS\u00c3O&#8221; font_container=&#8221;tag:h2|text_align:center&#8221;][vc_empty_space][vc_custom_heading text=&#8221;Ser reconhecido como o melhor estabelecimento tur\u00edstico e o mais visitado de Paraty. Com ampla linha de produtos reconhecidos pelo n\u00edvel superior de qualidade.&#8221; font_container=&#8221;tag:p|font_size:16|text_align:left&#8221; use_theme_fonts=&#8221;yes&#8221;][\/vc_column_inner][vc_column_inner width=&#8221;1\/3&#8243;][vc_custom_heading text=&#8221;VALORES&#8221; font_container=&#8221;tag:h2|text_align:center&#8221;][vc_empty_space][vc_custom_heading text=&#8221;FOCO NO CLIENTE E QUALIDADE&#8221; font_container=&#8221;tag:h2|font_size:16|text_align:left|color:%23000000&#8243; use_theme_fonts=&#8221;yes&#8221;][vc_custom_heading text=&#8221;Oferecer uma agrad\u00e1vel experi\u00eancia e uma viv\u00eancia completa ao cliente, com atendimento diferenciado e produtos de qualidade.&#8221; font_container=&#8221;tag:p|font_size:16|text_align:left&#8221; use_theme_fonts=&#8221;yes&#8221;][vc_custom_heading text=&#8221;TRABALHO EM EQUIPE&#8221; font_container=&#8221;tag:h2|font_size:16|text_align:left|color:%23000000&#8243; use_theme_fonts=&#8221;yes&#8221;][vc_custom_heading text=&#8221;Valorizar quem faz parte da nossa empresa com ajuda e respeito m\u00fatuo.&#8221; font_container=&#8221;tag:p|font_size:16|text_align:left&#8221; use_theme_fonts=&#8221;yes&#8221;][vc_custom_heading text=&#8221;\u00c9TICA E TRANSPARENCIA&#8221; font_container=&#8221;tag:h2|font_size:16|text_align:left|color:%23000000&#8243; use_theme_fonts=&#8221;yes&#8221;][vc_custom_heading text=&#8221;Preservar os valores, prop\u00f3sitos e objetivos da empresa.&#8221; font_container=&#8221;tag:p|font_size:16|text_align:left&#8221; use_theme_fonts=&#8221;yes&#8221;][vc_custom_heading text=&#8221;VALORIZA\u00c7\u00c3O CULTURAL&#8221; font_container=&#8221;tag:h2|font_size:16|text_align:left|color:%23000000&#8243; use_theme_fonts=&#8221;yes&#8221;][vc_custom_heading text=&#8221;Resgate e fomento ao desenvolvimento da cultura e dos saberes de Paraty.&#8221; font_container=&#8221;tag:p|font_size:16|text_align:left&#8221; use_theme_fonts=&#8221;yes&#8221;][vc_custom_heading text=&#8221;MELHORIA CONT\u00cdNUA&#8221; font_container=&#8221;tag:h2|font_size:16|text_align:left|color:%23000000&#8243; use_theme_fonts=&#8221;yes&#8221;][vc_custom_heading text=&#8221;Buscar sempre aperfei\u00e7oar nossos produtos e servi\u00e7os.&#8221; font_container=&#8221;tag:p|font_size:16|text_align:left&#8221; use_theme_fonts=&#8221;yes&#8221;][vc_custom_heading text=&#8221;COMPROMETIMENTO&#8221; font_container=&#8221;tag:h2|font_size:16|text_align:left|color:%23000000&#8243; use_theme_fonts=&#8221;yes&#8221;][vc_custom_heading text=&#8221;Agir e honrar nossos compromissos com interesse e dedica\u00e7\u00e3o no trabalho realizado.&#8221; font_container=&#8221;tag:p|font_size:16|text_align:left&#8221; use_theme_fonts=&#8221;yes&#8221;][\/vc_column_inner][\/vc_row_inner][\/vc_column][\/vc_row]<\/p>\n<\/div>","protected":false},"excerpt":{"rendered":"<p>[vc_row][vc_column][vc_custom_heading text=&#8221;Miss\u00e3o, vis\u00e3o e valores&#8221; font_container=&#8221;tag:h2|font_size:32|text_align:center&#8221; google_fonts=&#8221;font_family:Playball%3Aregular|font_style:400%20regular%3A400%3Anormal&#8221;][vc_empty_space][\/vc_column][\/vc_row][vc_row][vc_column width=&#8221;1\/4&#8243;][vc_single_image image=&#8221;11301&#8243; img_size=&#8221;medium&#8221;][\/vc_column][vc_column width=&#8221;3\/4&#8243;][vc_empty_space height=&#8221;52px&#8221;][vc_custom_heading text=&#8221;NOSSO NEG\u00d3CIO&#8221;][vc_custom_heading text=&#8221;somos um empreendimento agroindustrial, comercial e tur\u00edstico, com produ\u00e7\u00e3o e venda de cacha\u00e7as, licores, melado de cana e demais produtos t\u00edpicos de Paraty, com foco cultural &hellip; <a href=\"https:\/\/cachacapedrabranca.com.br\/home\/missao\/\">Readmore<\/a><\/p>\n","protected":false},"author":1,"featured_media":0,"parent":0,"menu_order":0,"comment_status":"closed","ping_status":"closed","template":"","meta":{"_acf_changed":false,"footnotes":""},"class_list":["post-11295","page","type-page","status-publish","hentry"],"acf":[],"aioseo_notices":[],"_links":{"self":[{"href":"https:\/\/cachacapedrabranca.com.br\/home\/wp-json\/wp\/v2\/pages\/11295","targetHints":{"allow":["GET"]}}],"collection":[{"href":"https:\/\/cachacapedrabranca.com.br\/home\/wp-json\/wp\/v2\/pages"}],"about":[{"href":"https:\/\/cachacapedrabranca.com.br\/home\/wp-json\/wp\/v2\/types\/page"}],"author":[{"embeddable":true,"href":"https:\/\/cachacapedrabranca.com.br\/home\/wp-json\/wp\/v2\/users\/1"}],"replies":[{"embeddable":true,"href":"https:\/\/cachacapedrabranca.com.br\/home\/wp-json\/wp\/v2\/comments?post=11295"}],"version-history":[{"count":28,"href":"https:\/\/cachacapedrabranca.com.br\/home\/wp-json\/wp\/v2\/pages\/11295\/revisions"}],"predecessor-version":[{"id":11341,"href":"https:\/\/cachacapedrabranca.com.br\/home\/wp-json\/wp\/v2\/pages\/11295\/revisions\/11341"}],"wp:attachment":[{"href":"https:\/\/cachacapedrabranca.com.br\/home\/wp-json\/wp\/v2\/media?parent=11295"}],"curies":[{"name":"wp","href":"https:\/\/api.w.org\/{rel}","templated":true}]}}