{"id":10155,"date":"2020-07-22T17:19:26","date_gmt":"2020-07-22T20:19:26","guid":{"rendered":"https:\/\/cachacapedrabranca.com.br\/home\/?post_type=product&#038;p=10155"},"modified":"2025-07-29T16:38:59","modified_gmt":"2025-07-29T19:38:59","slug":"gabriela-cravo-e-canela-pedra-branca-50ml-pintada-01-unidade","status":"publish","type":"product","link":"https:\/\/cachacapedrabranca.com.br\/home\/produto\/gabriela-cravo-e-canela-pedra-branca-50ml-pintada-01-unidade\/","title":{"rendered":"Gabriela Cravo e Canela Pedra Branca 50ml Pintada \u2013 01 unidade"},"content":{"rendered":"<p>Pedra Branca Gabriela pintada \u00e0 m\u00e3o por artes\u00e3o de Paraty.<\/p>\n<p>ATEN\u00c7\u00c3O: As cores s\u00e3o sortidas conforme estoque!<\/p>\n<p>Gradua\u00e7\u00e3o 31 %vol<\/p>\n<p>A Cacha\u00e7a Pedra Branca Gabriela Cravo e Canela \u00e9 produzida a partir da cacha\u00e7a Drink\u2019s (branca tradicional) \u00e9 realizada uma infus\u00e3o com cravo da \u00edndia e canela em casca e posteriormente composta com puro melado de cana tamb\u00e9m produzido no Alambique Pedra Branca. Possui cor vermelho rubi oriundo da canela e do melado, aroma e sabor de especiarias, podendo ser utilizada como licor e preparo de drinques.<\/p>\n<p>\u00c9 armazenada em tanques de a\u00e7o inox.<\/p>\n<p>Foi criada em homenagem a personagem Gabriela de Jorge Amado que teve um filme produzido na cidade hist\u00f3rica na d\u00e9cada de 70.<\/p>\n<p>Receita de Paraty: \u201cDrinque Jorge Amado\u201d \u2013 1 lim\u00e3o, 1\/2 maracuj\u00e1, 1 dose e meia de Gabriela\u00a0Pedra Branca e gelo.<\/p>\n","protected":false},"excerpt":{"rendered":"<p>Pedra Branca Gabriela pintada \u00e0 m\u00e3o por artes\u00e3o de Paraty.<\/p>\n<p>ATEN\u00c7\u00c3O: As cores s\u00e3o sortidas conforme estoque!<\/p>\n<p>Gradua\u00e7\u00e3o 31 %vol<\/p>\n<p>A Cacha\u00e7a Pedra Branca Gabriela Cravo e Canela \u00e9 produzida a partir da cacha\u00e7a Drink\u2019s (branca tradicional) \u00e9 realizada uma infus\u00e3o com cravo da \u00edndia e canela em casca e posteriormente composta com puro melado de cana tamb\u00e9m produzido no Alambique Pedra Branca. Possui cor vermelho rubi oriundo da canela e do melado, aroma e sabor de especiarias, podendo ser utilizada como licor e preparo de drinques.<\/p>\n<p>\u00c9 armazenada em tanques de a\u00e7o inox.<\/p>\n<p>Foi criada em homenagem a personagem Gabriela de Jorge Amado que teve um filme produzido na cidade hist\u00f3rica na d\u00e9cada de 70.<\/p>\n<p>Receita de Paraty: \u201cDrinque Jorge Amado\u201d \u2013 1 lim\u00e3o, 1\/2 maracuj\u00e1, 1 dose e meia de Gabriela\u00a0Pedra Branca e gelo.<\/p>\n","protected":false},"featured_media":10121,"comment_status":"open","ping_status":"closed","template":"","meta":{"_acf_changed":false},"product_brand":[],"product_cat":[237,215,202,177],"product_tag":[],"class_list":{"0":"post-10155","1":"product","2":"type-product","3":"status-publish","4":"has-post-thumbnail","6":"product_cat-50ml-licor-garrafa","7":"product_cat-licores","8":"product_cat-gabriela","9":"product_cat-todos-os-produtos","11":"first","12":"outofstock","13":"taxable","14":"shipping-taxable","15":"purchasable","16":"product-type-simple"},"acf":[],"aioseo_notices":[],"_links":{"self":[{"href":"https:\/\/cachacapedrabranca.com.br\/home\/wp-json\/wp\/v2\/product\/10155","targetHints":{"allow":["GET"]}}],"collection":[{"href":"https:\/\/cachacapedrabranca.com.br\/home\/wp-json\/wp\/v2\/product"}],"about":[{"href":"https:\/\/cachacapedrabranca.com.br\/home\/wp-json\/wp\/v2\/types\/product"}],"replies":[{"embeddable":true,"href":"https:\/\/cachacapedrabranca.com.br\/home\/wp-json\/wp\/v2\/comments?post=10155"}],"wp:featuredmedia":[{"embeddable":true,"href":"https:\/\/cachacapedrabranca.com.br\/home\/wp-json\/wp\/v2\/media\/10121"}],"wp:attachment":[{"href":"https:\/\/cachacapedrabranca.com.br\/home\/wp-json\/wp\/v2\/media?parent=10155"}],"wp:term":[{"taxonomy":"product_brand","embeddable":true,"href":"https:\/\/cachacapedrabranca.com.br\/home\/wp-json\/wp\/v2\/product_brand?post=10155"},{"taxonomy":"product_cat","embeddable":true,"href":"https:\/\/cachacapedrabranca.com.br\/home\/wp-json\/wp\/v2\/product_cat?post=10155"},{"taxonomy":"product_tag","embeddable":true,"href":"https:\/\/cachacapedrabranca.com.br\/home\/wp-json\/wp\/v2\/product_tag?post=10155"}],"curies":[{"name":"wp","href":"https:\/\/api.w.org\/{rel}","templated":true}]}}