{"id":10251,"date":"2020-08-24T15:09:53","date_gmt":"2020-08-24T18:09:53","guid":{"rendered":"https:\/\/cachacapedrabranca.com.br\/home\/?post_type=product&#038;p=10251"},"modified":"2025-08-23T11:25:33","modified_gmt":"2025-08-23T14:25:33","slug":"cachaca-pedra-branca-ouro-500ml-01-unidade","status":"publish","type":"product","link":"https:\/\/cachacapedrabranca.com.br\/home\/produto\/cachaca-pedra-branca-ouro-500ml-01-unidade\/","title":{"rendered":"Cacha\u00e7a Pedra Branca Ouro 500ml &#8211; 01 unidade"},"content":{"rendered":"<p>Gradua\u00e7\u00e3o 40%vol, cacha\u00e7a ouro, envelhecida em barricas de carvalho franc\u00eas. Possui cor, aroma e sabor bem amadeirados.<\/p>\n<p>Em sua degusta\u00e7\u00e3o, possui o visual amarelo-ouro, densa e l\u00edmpida. No aroma \u00e9 fina, intensa e persistente, com marcantes aromas de folhas secas, fruta madura e madeira. No sabor \u00e9 leve, acidez equilibrada, macia, fina, intensa e persistente. Deixa uma boca enxuta, com impress\u00e3o final de ervas secas.<\/p>\n<p>Na harmoniza\u00e7\u00e3o, a Pedra Branca Ouro \u00e9 recomendada para acompanhar pratos principais de carnes vermelhas (assados, grelhados e cozidos), pratos com cordeiro, patos e su\u00ednos. Acompanha muito bem caldeiradas, cozido e a tradicional feijoada. Pode ser harmonizadas com sobremesas a base de bolos, tortas e sorvetes. Pode ser apreciada com gelo.<\/p>\n<p>Esta cacha\u00e7a \u00e9 um acompanhamento nobre para caf\u00e9s especiais assim como degusta\u00e7\u00e3o de charutos e cachimbos.<\/p>\n","protected":false},"excerpt":{"rendered":"<p>Gradua\u00e7\u00e3o 40%vol, cacha\u00e7a ouro, envelhecida em barricas de carvalho franc\u00eas. Possui cor, aroma e sabor bem amadeirados.<\/p>\n<p>Em sua degusta\u00e7\u00e3o, possui o visual amarelo-ouro, densa e l\u00edmpida. No aroma \u00e9 fina, intensa e persistente, com marcantes aromas de folhas secas, fruta madura e madeira. No sabor \u00e9 leve, acidez equilibrada, macia, fina, intensa e persistente. Deixa uma boca enxuta, com impress\u00e3o final de ervas secas.<\/p>\n<p>Na harmoniza\u00e7\u00e3o, a Pedra Branca Ouro \u00e9 recomendada para acompanhar pratos principais de carnes vermelhas (assados, grelhados e cozidos), pratos com cordeiro, patos e su\u00ednos. Acompanha muito bem caldeiradas, cozido e a tradicional feijoada. Pode ser harmonizadas com sobremesas a base de bolos, tortas e sorvetes. Pode ser apreciada com gelo.<\/p>\n<p>Esta cacha\u00e7a \u00e9 um acompanhamento nobre para caf\u00e9s especiais assim como degusta\u00e7\u00e3o de charutos e cachimbos.<\/p>\n","protected":false},"featured_media":10253,"comment_status":"open","ping_status":"closed","template":"","meta":{"_acf_changed":false},"product_brand":[],"product_cat":[214,198,205,177],"product_tag":[],"class_list":{"0":"post-10251","1":"product","2":"type-product","3":"status-publish","4":"has-post-thumbnail","6":"product_cat-cachaca","7":"product_cat-500ml-cachaca-garrafa","8":"product_cat-cachaca-ouro","9":"product_cat-todos-os-produtos","11":"first","12":"instock","13":"taxable","14":"shipping-taxable","15":"purchasable","16":"product-type-simple"},"acf":[],"aioseo_notices":[],"_links":{"self":[{"href":"https:\/\/cachacapedrabranca.com.br\/home\/wp-json\/wp\/v2\/product\/10251","targetHints":{"allow":["GET"]}}],"collection":[{"href":"https:\/\/cachacapedrabranca.com.br\/home\/wp-json\/wp\/v2\/product"}],"about":[{"href":"https:\/\/cachacapedrabranca.com.br\/home\/wp-json\/wp\/v2\/types\/product"}],"replies":[{"embeddable":true,"href":"https:\/\/cachacapedrabranca.com.br\/home\/wp-json\/wp\/v2\/comments?post=10251"}],"wp:featuredmedia":[{"embeddable":true,"href":"https:\/\/cachacapedrabranca.com.br\/home\/wp-json\/wp\/v2\/media\/10253"}],"wp:attachment":[{"href":"https:\/\/cachacapedrabranca.com.br\/home\/wp-json\/wp\/v2\/media?parent=10251"}],"wp:term":[{"taxonomy":"product_brand","embeddable":true,"href":"https:\/\/cachacapedrabranca.com.br\/home\/wp-json\/wp\/v2\/product_brand?post=10251"},{"taxonomy":"product_cat","embeddable":true,"href":"https:\/\/cachacapedrabranca.com.br\/home\/wp-json\/wp\/v2\/product_cat?post=10251"},{"taxonomy":"product_tag","embeddable":true,"href":"https:\/\/cachacapedrabranca.com.br\/home\/wp-json\/wp\/v2\/product_tag?post=10251"}],"curies":[{"name":"wp","href":"https:\/\/api.w.org\/{rel}","templated":true}]}}