{"id":11618,"date":"2024-07-10T16:18:26","date_gmt":"2024-07-10T19:18:26","guid":{"rendered":"https:\/\/cachacapedrabranca.com.br\/home\/?post_type=product&#038;p=11618"},"modified":"2025-08-23T10:40:40","modified_gmt":"2025-08-23T13:40:40","slug":"cachaca-de-alambique-envelhecida-pedra-branca-reserva-da-grace-8-anos-500-ml-01-unidade","status":"publish","type":"product","link":"https:\/\/cachacapedrabranca.com.br\/home\/produto\/cachaca-de-alambique-envelhecida-pedra-branca-reserva-da-grace-8-anos-500-ml-01-unidade\/","title":{"rendered":"Cacha\u00e7a de Alambique Envelhecida Pedra Branca Reserva da Grace 8 anos &#8211; 500 ml &#8211; 01 unidade"},"content":{"rendered":"<p>Gradua\u00e7\u00e3o 40% vol.<\/p>\n<p>Envelhecida em Barris de C arvalho Americano.<\/p>\n<p>A Cacha\u00e7a de Paraty \u00e9 um marco hist\u00f3rico em nosso pa\u00eds. Desde o Brasil colonial e imperial \u00e9 renomada por sua qualidade diferenciada. A Pedra Branca \u00e9 elaborada nos moldes paratienses, caracterizada por manter o m\u00e9todo tradicional e artesanal de produ\u00e7\u00e3o, somando a tecnologia atual com a receita da mais tradicional cacha\u00e7a de qualidade. De canas selecionadas, cultivadas em canavial pr\u00f3prio, e extra\u00edda a garapa que \u00e9 fermentada de forma natural e destilada em alambique de cobre. Assim \u00e9 obtida uma bebida pura e de alta qualidade.<\/p>\n<p>A Pedra Branca Reserva da Grace e uma cacha\u00e7a especial, envelhecida oito anos em barricas de Carvalho americano. Envolvente e equilibrada, por\u00e9m intensa, picante e persistente em seu aroma e sabor marcante.<br \/>\nNa harmoniza\u00e7\u00e3o \u00e9 recomendada para acompanhar carnes vermelhas, patos e su\u00ednos. Pode ser apreciada com gelo.<\/p>\n<p>Esta cacha\u00e7a \u00e9 um acompanhamento nobre para caf\u00e9s especiais assim como degusta\u00e7\u00e3o de charutos e cachimbos.<\/p>\n","protected":false},"excerpt":{"rendered":"<p>Gradua\u00e7\u00e3o 40% vol.<\/p>\n<p>Envelhecida em Barris de Carvalho Americano.<\/p>\n<p>A Cacha\u00e7a de Paraty \u00e9 um marco hist\u00f3rico em nosso pa\u00eds. Desde o Brasil colonial e imperial \u00e9 renomada por sua qualidade diferenciada. A Pedra Branca \u00e9 elaborada nos moldes paratienses, caracterizada por manter o m\u00e9todo tradicional e artesanal de produ\u00e7\u00e3o, somando a tecnologia atual com a receita da mais tradicional cacha\u00e7a de qualidade. De canas selecionadas, cultivadas em canavial pr\u00f3prio, e extra\u00edda a garapa que \u00e9 fermentada de forma natural e destilada em alambique de cobre. Assim \u00e9 obtida uma bebida pura e de alta qualidade.<\/p>\n<p>A Pedra Branca Reserva da Grace e uma cacha\u00e7a especial, envelhecida oito anos em barricas de Carvalho americano. Envolvente e equilibrada, por\u00e9m intensa, picante e persistente em seu aroma e sabor marcante.<br \/>\nNa harmoniza\u00e7\u00e3o \u00e9 recomendada para acompanhar carnes vermelhas, patos e su\u00ednos. Pode ser apreciada com gelo.<\/p>\n<p>Esta cacha\u00e7a \u00e9 um acompanhamento nobre para caf\u00e9s especiais assim como degusta\u00e7\u00e3o de charutos e cachimbos.<\/p>\n","protected":false},"featured_media":11617,"comment_status":"open","ping_status":"closed","template":"","meta":{"_acf_changed":false},"product_brand":[],"product_cat":[219,218,185,177],"product_tag":[],"class_list":{"0":"post-11618","1":"product","2":"type-product","3":"status-publish","4":"has-post-thumbnail","6":"product_cat-500ml-especiais","7":"product_cat-especiais-reserva-grace","8":"product_cat-cachacas-especiais","9":"product_cat-todos-os-produtos","11":"first","12":"instock","13":"taxable","14":"shipping-taxable","15":"purchasable","16":"product-type-simple"},"acf":[],"aioseo_notices":[],"_links":{"self":[{"href":"https:\/\/cachacapedrabranca.com.br\/home\/wp-json\/wp\/v2\/product\/11618","targetHints":{"allow":["GET"]}}],"collection":[{"href":"https:\/\/cachacapedrabranca.com.br\/home\/wp-json\/wp\/v2\/product"}],"about":[{"href":"https:\/\/cachacapedrabranca.com.br\/home\/wp-json\/wp\/v2\/types\/product"}],"replies":[{"embeddable":true,"href":"https:\/\/cachacapedrabranca.com.br\/home\/wp-json\/wp\/v2\/comments?post=11618"}],"wp:featuredmedia":[{"embeddable":true,"href":"https:\/\/cachacapedrabranca.com.br\/home\/wp-json\/wp\/v2\/media\/11617"}],"wp:attachment":[{"href":"https:\/\/cachacapedrabranca.com.br\/home\/wp-json\/wp\/v2\/media?parent=11618"}],"wp:term":[{"taxonomy":"product_brand","embeddable":true,"href":"https:\/\/cachacapedrabranca.com.br\/home\/wp-json\/wp\/v2\/product_brand?post=11618"},{"taxonomy":"product_cat","embeddable":true,"href":"https:\/\/cachacapedrabranca.com.br\/home\/wp-json\/wp\/v2\/product_cat?post=11618"},{"taxonomy":"product_tag","embeddable":true,"href":"https:\/\/cachacapedrabranca.com.br\/home\/wp-json\/wp\/v2\/product_tag?post=11618"}],"curies":[{"name":"wp","href":"https:\/\/api.w.org\/{rel}","templated":true}]}}