{"id":119,"date":"2017-03-24T15:12:44","date_gmt":"2017-03-24T18:12:44","guid":{"rendered":"https:\/\/cachacapedrabranca.com.br\/loja\/?post_type=product&#038;p=119"},"modified":"2025-08-23T13:42:24","modified_gmt":"2025-08-23T16:42:24","slug":"caramelada-pedra-branca-275ml-01-unidade","status":"publish","type":"product","link":"https:\/\/cachacapedrabranca.com.br\/home\/produto\/caramelada-pedra-branca-275ml-01-unidade\/","title":{"rendered":"Caramelada Pedra Branca  275ml \u2013 01 unidade"},"content":{"rendered":"<p>Gradua\u00e7\u00e3o 31%vol.<\/p>\n<p>A Aguardente Pedra Branca Caramelada \u00e9 produzida a partir da cacha\u00e7a Drink\u2019s (branca tradicional) \u00e9 realizada uma infus\u00e3o com gengibre e posteriormente composta com puro melado de cana tamb\u00e9m produzido no Alambique Pedra Branca.<\/p>\n<p>Possui cor de caramelo oriundo do melado, aroma e sabor que remetem \u00e0 rapadura e ao a\u00e7\u00facar mascavo, podendo ser utilizada como licor e preparo de drinques.<\/p>\n<p>\u00c9 armazenada em tanques de a\u00e7o inox.<\/p>\n<p>Foi criada em Paraty na d\u00e9cada de 1980 se tornando uma das tradi\u00e7\u00f5es do Festival da Cacha\u00e7a de Paraty.<\/p>\n","protected":false},"excerpt":{"rendered":"<p>Gradua\u00e7\u00e3o 31%vol.<\/p>\n<p>A Aguardente Pedra Branca Caramelada \u00e9 produzida a partir da cacha\u00e7a Drink\u2019s (branca tradicional) \u00e9 realizada uma infus\u00e3o com gengibre e posteriormente composta com puro melado de cana tamb\u00e9m produzido no Alambique Pedra Branca.<\/p>\n<p>Possui cor de caramelo oriundo do melado, aroma e sabor que remetem \u00e0 rapadura e ao a\u00e7\u00facar mascavo, podendo ser utilizada como licor e preparo de drinques.<\/p>\n<p>\u00c9 armazenada em tanques de a\u00e7o inox.<\/p>\n<p>Foi criada em Paraty na d\u00e9cada de 1980 se tornando uma das tradi\u00e7\u00f5es do Festival da Cacha\u00e7a de Paraty.<\/p>\n","protected":false},"featured_media":9823,"comment_status":"open","ping_status":"closed","template":"","meta":{"_acf_changed":false},"product_brand":[],"product_cat":[227,215,196,177],"product_tag":[],"class_list":{"0":"post-119","1":"product","2":"type-product","3":"status-publish","4":"has-post-thumbnail","6":"product_cat-caramelada","7":"product_cat-licores","8":"product_cat-275-ml-licor-garrafa","9":"product_cat-todos-os-produtos","11":"first","12":"instock","13":"taxable","14":"shipping-taxable","15":"purchasable","16":"product-type-simple"},"acf":[],"aioseo_notices":[],"_links":{"self":[{"href":"https:\/\/cachacapedrabranca.com.br\/home\/wp-json\/wp\/v2\/product\/119","targetHints":{"allow":["GET"]}}],"collection":[{"href":"https:\/\/cachacapedrabranca.com.br\/home\/wp-json\/wp\/v2\/product"}],"about":[{"href":"https:\/\/cachacapedrabranca.com.br\/home\/wp-json\/wp\/v2\/types\/product"}],"replies":[{"embeddable":true,"href":"https:\/\/cachacapedrabranca.com.br\/home\/wp-json\/wp\/v2\/comments?post=119"}],"wp:featuredmedia":[{"embeddable":true,"href":"https:\/\/cachacapedrabranca.com.br\/home\/wp-json\/wp\/v2\/media\/9823"}],"wp:attachment":[{"href":"https:\/\/cachacapedrabranca.com.br\/home\/wp-json\/wp\/v2\/media?parent=119"}],"wp:term":[{"taxonomy":"product_brand","embeddable":true,"href":"https:\/\/cachacapedrabranca.com.br\/home\/wp-json\/wp\/v2\/product_brand?post=119"},{"taxonomy":"product_cat","embeddable":true,"href":"https:\/\/cachacapedrabranca.com.br\/home\/wp-json\/wp\/v2\/product_cat?post=119"},{"taxonomy":"product_tag","embeddable":true,"href":"https:\/\/cachacapedrabranca.com.br\/home\/wp-json\/wp\/v2\/product_tag?post=119"}],"curies":[{"name":"wp","href":"https:\/\/api.w.org\/{rel}","templated":true}]}}