{"id":126,"date":"2022-11-30T16:06:14","date_gmt":"2022-11-30T19:06:14","guid":{"rendered":"https:\/\/cachacapedrabranca.com.br\/loja\/?post_type=product&#038;p=126"},"modified":"2025-08-23T11:18:55","modified_gmt":"2025-08-23T14:18:55","slug":"cachaca-pedra-branca-ouro-275ml-01-unidade","status":"publish","type":"product","link":"https:\/\/cachacapedrabranca.com.br\/home\/produto\/cachaca-pedra-branca-ouro-275ml-01-unidade\/","title":{"rendered":"Cacha\u00e7a Pedra Branca Ouro 275ml \u2013 01 unidade"},"content":{"rendered":"<p>Gradua\u00e7\u00e3o 42%vol, cacha\u00e7a ouro, envelhecida em barricas de carvalho franc\u00eas. Possui cor, aroma e sabor bem amadeirados.<\/p>\n<p>Em sua degusta\u00e7\u00e3o, possui o visual amarelo-ouro, densa e l\u00edmpida. No aroma \u00e9 fina, intensa e persistente, com marcantes aromas de folhas secas, fruta madura e madeira. No sabor \u00e9 leve, acidez equilibrada, macia, fina, intensa e persistente. Deixa uma boca enxuta, com impress\u00e3o final de ervas secas.<\/p>\n<p>Na harmoniza\u00e7\u00e3o, a Pedra Branca Ouro \u00e9 recomendada para acompanhar pratos principais de carnes vermelhas (assados, grelhados e cozidos), pratos com cordeiro, patos e su\u00ednos. Acompanha muito bem caldeiradas, cozido e a tradicional feijoada. Pode ser harmonizadas com sobremesas a base de bolos, tortas e sorvetes. Pode ser apreciada com gelo.<\/p>\n<p>Esta cacha\u00e7a \u00e9 um acompanhamento nobre para caf\u00e9s especiais assim como degusta\u00e7\u00e3o de charutos e cachimbos.<\/p>\n","protected":false},"excerpt":{"rendered":"<p>Gradua\u00e7\u00e3o 40%vol, cacha\u00e7a ouro, envelhecida em barricas de carvalho franc\u00eas. Possui cor, aroma e sabor bem amadeirados.<\/p>\n<p>Em sua degusta\u00e7\u00e3o, possui o visual amarelo-ouro, densa e l\u00edmpida. No aroma \u00e9 fina, intensa e persistente, com marcantes aromas de folhas secas, fruta madura e madeira. No sabor \u00e9 leve, acidez equilibrada, macia, fina, intensa e persistente. Deixa uma boca enxuta, com impress\u00e3o final de ervas secas.<\/p>\n<p>Na harmoniza\u00e7\u00e3o, a Pedra Branca Ouro \u00e9 recomendada para acompanhar pratos principais de carnes vermelhas (assados, grelhados e cozidos), pratos com cordeiro, patos e su\u00ednos. Acompanha muito bem caldeiradas, cozido e a tradicional feijoada. Pode ser harmonizadas com sobremesas a base de bolos, tortas e sorvetes. Pode ser apreciada com gelo.<\/p>\n<p>Esta cacha\u00e7a \u00e9 um acompanhamento nobre para caf\u00e9s especiais assim como degusta\u00e7\u00e3o de charutos e cachimbos.<\/p>\n","protected":false},"featured_media":9816,"comment_status":"open","ping_status":"closed","template":"","meta":{"_acf_changed":false},"product_brand":[],"product_cat":[214,205,192,177],"product_tag":[],"class_list":{"0":"post-126","1":"product","2":"type-product","3":"status-publish","4":"has-post-thumbnail","6":"product_cat-cachaca","7":"product_cat-cachaca-ouro","8":"product_cat-275ml-cachaca-garrafa","9":"product_cat-todos-os-produtos","11":"first","12":"instock","13":"taxable","14":"shipping-taxable","15":"purchasable","16":"product-type-simple"},"acf":[],"aioseo_notices":[],"_links":{"self":[{"href":"https:\/\/cachacapedrabranca.com.br\/home\/wp-json\/wp\/v2\/product\/126","targetHints":{"allow":["GET"]}}],"collection":[{"href":"https:\/\/cachacapedrabranca.com.br\/home\/wp-json\/wp\/v2\/product"}],"about":[{"href":"https:\/\/cachacapedrabranca.com.br\/home\/wp-json\/wp\/v2\/types\/product"}],"replies":[{"embeddable":true,"href":"https:\/\/cachacapedrabranca.com.br\/home\/wp-json\/wp\/v2\/comments?post=126"}],"wp:featuredmedia":[{"embeddable":true,"href":"https:\/\/cachacapedrabranca.com.br\/home\/wp-json\/wp\/v2\/media\/9816"}],"wp:attachment":[{"href":"https:\/\/cachacapedrabranca.com.br\/home\/wp-json\/wp\/v2\/media?parent=126"}],"wp:term":[{"taxonomy":"product_brand","embeddable":true,"href":"https:\/\/cachacapedrabranca.com.br\/home\/wp-json\/wp\/v2\/product_brand?post=126"},{"taxonomy":"product_cat","embeddable":true,"href":"https:\/\/cachacapedrabranca.com.br\/home\/wp-json\/wp\/v2\/product_cat?post=126"},{"taxonomy":"product_tag","embeddable":true,"href":"https:\/\/cachacapedrabranca.com.br\/home\/wp-json\/wp\/v2\/product_tag?post=126"}],"curies":[{"name":"wp","href":"https:\/\/api.w.org\/{rel}","templated":true}]}}