{"id":12605,"date":"2025-10-09T11:46:59","date_gmt":"2025-10-09T14:46:59","guid":{"rendered":"https:\/\/cachacapedrabranca.com.br\/home\/?post_type=product&#038;p=12605"},"modified":"2025-10-09T11:56:47","modified_gmt":"2025-10-09T14:56:47","slug":"cachaca-de-alambique-envelhecida-pedra-branca-reserva-do-pedro-6-anos-500-ml-01-unidade","status":"publish","type":"product","link":"https:\/\/cachacapedrabranca.com.br\/home\/produto\/cachaca-de-alambique-envelhecida-pedra-branca-reserva-do-pedro-6-anos-500-ml-01-unidade\/","title":{"rendered":"Cacha\u00e7a de Alambique Envelhecida Pedra Branca Reserva do Pedro 6 anos &#8211; 500 ml &#8211; 01 unidade"},"content":{"rendered":"<p>Gradua\u00e7\u00e3o 40% vol.<\/p>\n<p>Uma edi\u00e7\u00e3o especial envelhecida em carvalho americano e franc\u00eas, celebrando tradi\u00e7\u00e3o, fam\u00edlia e produ\u00e7\u00e3o artesanal em Paraty.<\/p>\n<p>A Reserva do Pedro foi maturada por cinco anos em barris de carvalho americano de 200 litros tostado, sendo segundo uso ap\u00f3s a tosta. E, posteriormente, finalizada por mais um ano em carvalho franc\u00eas de 225 litros tostado tamb\u00e9m, sendo o segundo uso do barril ap\u00f3s a tosta. O envelhecimento sequencial demorou 6 anos para ficar pronto.<\/p>\n<p>O processo de produ\u00e7\u00e3o da Pedra Branca \u2013 Reserva do Pedro<\/p>\n<p>uma cacha\u00e7a comemorativa de tiragem limitada, apenas 360 garrafas, criada para celebrar os 18 anos do segundo filho de L\u00facio. Homenagem hist\u00f3rica e familiar<\/p>\n<p>A Reserva do Pedro n\u00e3o \u00e9 apenas uma celebra\u00e7\u00e3o do anivers\u00e1rio de 18 anos do filho do produtor, mas tamb\u00e9m um tributo \u00e0s origens da fam\u00edlia Gama, que tem suas ra\u00edzes na Ilha da Madeira, em Portugal.<\/p>\n<p>O r\u00f3tulo da nova edi\u00e7\u00e3o foi inspirado na bandeira da Ilha da Madeira, que conta com faixas azuis e amarelas e a Cruz da Ordem de Cristo \u2013 s\u00edmbolo tamb\u00e9m presente nas velas das caravelas portuguesas e no escudo do Vasco da Gama, clube de futebol pelo qual L\u00facio e Pedro torcem.<\/p>\n<p>Na harmoniza\u00e7\u00e3o \u00e9 recomendada para acompanhar carnes vermelhas, patos e su\u00ednos. Pode ser apreciada com gelo.<\/p>\n<p>Esta cacha\u00e7a \u00e9 um acompanhamento nobre para caf\u00e9s especiais assim como degusta\u00e7\u00e3o de charutos e cachimbos.<\/p>\n","protected":false},"excerpt":{"rendered":"<p>Gradua\u00e7\u00e3o 40% vol.<\/p>\n<p>Uma edi\u00e7\u00e3o especial envelhecida em carvalho americano e franc\u00eas, celebrando tradi\u00e7\u00e3o, fam\u00edlia e produ\u00e7\u00e3o artesanal em Paraty.<\/p>\n<p>A Reserva do Pedro foi maturada por cinco anos em barris de carvalho americano de 200 litros tostado, sendo segundo uso ap\u00f3s a tosta. E, posteriormente, finalizada por mais um ano em carvalho franc\u00eas de 225 litros tostado tamb\u00e9m, sendo o segundo uso do barril ap\u00f3s a tosta. O envelhecimento sequencial demorou 6 anos para ficar pronto.<\/p>\n<p>O processo de produ\u00e7\u00e3o da Pedra Branca \u2013 Reserva do Pedro<\/p>\n<p>uma cacha\u00e7a comemorativa de tiragem limitada, apenas 360 garrafas, criada para celebrar os 18 anos do segundo filho de L\u00facio. Homenagem hist\u00f3rica e familiar<\/p>\n<p>A Reserva do Pedro n\u00e3o \u00e9 apenas uma celebra\u00e7\u00e3o do anivers\u00e1rio de 18 anos do filho do produtor, mas tamb\u00e9m um tributo \u00e0s origens da fam\u00edlia Gama, que tem suas ra\u00edzes na Ilha da Madeira, em Portugal.<\/p>\n<p>O r\u00f3tulo da nova edi\u00e7\u00e3o foi inspirado na bandeira da Ilha da Madeira, que conta com faixas azuis e amarelas e a Cruz da Ordem de Cristo \u2013 s\u00edmbolo tamb\u00e9m presente nas velas das caravelas portuguesas e no escudo do Vasco da Gama, clube de futebol pelo qual L\u00facio e Pedro torcem.<\/p>\n<p>Na harmoniza\u00e7\u00e3o \u00e9 recomendada para acompanhar carnes vermelhas, patos e su\u00ednos. Pode ser apreciada com gelo.<\/p>\n<p>Esta cacha\u00e7a \u00e9 um acompanhamento nobre para caf\u00e9s especiais assim como degusta\u00e7\u00e3o de charutos e cachimbos.<\/p>\n","protected":false},"featured_media":12524,"comment_status":"open","ping_status":"closed","template":"","meta":{"_acf_changed":false},"product_brand":[],"product_cat":[219,218,185,177],"product_tag":[],"class_list":{"0":"post-12605","1":"product","2":"type-product","3":"status-publish","4":"has-post-thumbnail","6":"product_cat-500ml-especiais","7":"product_cat-especiais-reserva-grace","8":"product_cat-cachacas-especiais","9":"product_cat-todos-os-produtos","11":"first","12":"instock","13":"taxable","14":"shipping-taxable","15":"purchasable","16":"product-type-simple"},"acf":[],"aioseo_notices":[],"_links":{"self":[{"href":"https:\/\/cachacapedrabranca.com.br\/home\/wp-json\/wp\/v2\/product\/12605","targetHints":{"allow":["GET"]}}],"collection":[{"href":"https:\/\/cachacapedrabranca.com.br\/home\/wp-json\/wp\/v2\/product"}],"about":[{"href":"https:\/\/cachacapedrabranca.com.br\/home\/wp-json\/wp\/v2\/types\/product"}],"replies":[{"embeddable":true,"href":"https:\/\/cachacapedrabranca.com.br\/home\/wp-json\/wp\/v2\/comments?post=12605"}],"wp:featuredmedia":[{"embeddable":true,"href":"https:\/\/cachacapedrabranca.com.br\/home\/wp-json\/wp\/v2\/media\/12524"}],"wp:attachment":[{"href":"https:\/\/cachacapedrabranca.com.br\/home\/wp-json\/wp\/v2\/media?parent=12605"}],"wp:term":[{"taxonomy":"product_brand","embeddable":true,"href":"https:\/\/cachacapedrabranca.com.br\/home\/wp-json\/wp\/v2\/product_brand?post=12605"},{"taxonomy":"product_cat","embeddable":true,"href":"https:\/\/cachacapedrabranca.com.br\/home\/wp-json\/wp\/v2\/product_cat?post=12605"},{"taxonomy":"product_tag","embeddable":true,"href":"https:\/\/cachacapedrabranca.com.br\/home\/wp-json\/wp\/v2\/product_tag?post=12605"}],"curies":[{"name":"wp","href":"https:\/\/api.w.org\/{rel}","templated":true}]}}