{"id":137,"date":"2017-04-06T12:03:43","date_gmt":"2017-04-06T15:03:43","guid":{"rendered":"https:\/\/cachacapedrabranca.com.br\/loja\/?post_type=product&#038;p=137"},"modified":"2025-08-23T10:51:01","modified_gmt":"2025-08-23T13:51:01","slug":"cachaca-extra-premium-pedra-branca-ouro-reserva-do-lucio-4-anos-750-ml-01-unidade","status":"publish","type":"product","link":"https:\/\/cachacapedrabranca.com.br\/home\/produto\/cachaca-extra-premium-pedra-branca-ouro-reserva-do-lucio-4-anos-750-ml-01-unidade\/","title":{"rendered":"Cacha\u00e7a Extra Premium Pedra Branca Ouro Reserva do Lucio 4 anos &#8211; 750 ml &#8211; 01 unidade"},"content":{"rendered":"<p>Gradua\u00e7\u00e3o 42% vol.<\/p>\n<p>Envelhecida em Barris de Carvalho Frances.<\/p>\n<p>A Cacha\u00e7a de Paraty \u00e9 um marco hist\u00f3rico em nosso pa\u00eds. Desde o Brasil colonial e imperial \u00e9 renomada por sua qualidade diferenciada. A Pedra Branca \u00e9 elaborada nos moldes paratienses, caracterizada por manter o m\u00e9todo tradicional e artesanal de produ\u00e7\u00e3o, somando a tecnologia atual com a receita da mais tradicional cacha\u00e7a de qualidade. De canas selecionadas, cultivadas em canavial pr\u00f3prio, e extra\u00edda a garapa que \u00e9 fermentada de forma natural e destilada em alambique de cobre. Assim \u00e9 obtida uma bebida pura e de alta qualidade.<\/p>\n<p>A Pedra Branca Ouro Reserva do L\u00facio e uma cacha\u00e7a especial, envelhecida quatro anos em barricas de Carvalho Franc\u00eas. Fina, muito macia, intensa, com acidez equilibrada e persistente no aroma e no sabor bem amadeirado, com marcantes aromas de folhas secas e fruta madura.<\/p>\n<p>Na harmoniza\u00e7\u00e3o \u00e9 recomendada para acompanhar carnes vermelhas, patos e su\u00ednos. Pode ser apreciada com gelo.<\/p>\n<p>Esta cacha\u00e7a \u00e9 um acompanhamento nobre para caf\u00e9s especiais assim como degusta\u00e7\u00e3o de charutos e cachimbos.<\/p>\n","protected":false},"excerpt":{"rendered":"<p>Gradua\u00e7\u00e3o 42% vol.<\/p>\n<p>Envelhecida em Barris de Carvalho Frances.<\/p>\n<p>A Cacha\u00e7a de Paraty \u00e9 um marco hist\u00f3rico em nosso pa\u00eds. Desde o Brasil colonial e imperial \u00e9 renomada por sua qualidade diferenciada. A Pedra Branca \u00e9 elaborada nos moldes paratienses, caracterizada por manter o m\u00e9todo tradicional e artesanal de produ\u00e7\u00e3o, somando a tecnologia atual com a receita da mais tradicional cacha\u00e7a de qualidade. De canas selecionadas, cultivadas em canavial pr\u00f3prio, e extra\u00edda a garapa que \u00e9 fermentada de forma natural e destilada em alambique de cobre. Assim \u00e9 obtida uma bebida pura e de alta qualidade.<\/p>\n<p>A Pedra Branca Ouro Reserva do L\u00facio e uma cacha\u00e7a especial, envelhecida quatro anos em barricas de Carvalho Franc\u00eas. Fina, muito macia, intensa, com acidez equilibrada e persistente no aroma e no sabor bem amadeirado, com marcantes aromas de folhas secas e fruta madura.<\/p>\n<p>Na harmoniza\u00e7\u00e3o \u00e9 recomendada para acompanhar carnes vermelhas, patos e su\u00ednos. Pode ser apreciada com gelo.<\/p>\n<p>Esta cacha\u00e7a \u00e9 um acompanhamento nobre para caf\u00e9s especiais assim como degusta\u00e7\u00e3o de charutos e cachimbos.<\/p>\n","protected":false},"featured_media":9810,"comment_status":"open","ping_status":"closed","template":"","meta":{"_acf_changed":false},"product_brand":[],"product_cat":[220,216,185,177],"product_tag":[],"class_list":{"0":"post-137","1":"product","2":"type-product","3":"status-publish","4":"has-post-thumbnail","6":"product_cat-750ml-especiais","7":"product_cat-especiais-reserva-lucio","8":"product_cat-cachacas-especiais","9":"product_cat-todos-os-produtos","11":"first","12":"instock","13":"taxable","14":"shipping-taxable","15":"purchasable","16":"product-type-simple"},"acf":[],"aioseo_notices":[],"_links":{"self":[{"href":"https:\/\/cachacapedrabranca.com.br\/home\/wp-json\/wp\/v2\/product\/137","targetHints":{"allow":["GET"]}}],"collection":[{"href":"https:\/\/cachacapedrabranca.com.br\/home\/wp-json\/wp\/v2\/product"}],"about":[{"href":"https:\/\/cachacapedrabranca.com.br\/home\/wp-json\/wp\/v2\/types\/product"}],"replies":[{"embeddable":true,"href":"https:\/\/cachacapedrabranca.com.br\/home\/wp-json\/wp\/v2\/comments?post=137"}],"wp:featuredmedia":[{"embeddable":true,"href":"https:\/\/cachacapedrabranca.com.br\/home\/wp-json\/wp\/v2\/media\/9810"}],"wp:attachment":[{"href":"https:\/\/cachacapedrabranca.com.br\/home\/wp-json\/wp\/v2\/media?parent=137"}],"wp:term":[{"taxonomy":"product_brand","embeddable":true,"href":"https:\/\/cachacapedrabranca.com.br\/home\/wp-json\/wp\/v2\/product_brand?post=137"},{"taxonomy":"product_cat","embeddable":true,"href":"https:\/\/cachacapedrabranca.com.br\/home\/wp-json\/wp\/v2\/product_cat?post=137"},{"taxonomy":"product_tag","embeddable":true,"href":"https:\/\/cachacapedrabranca.com.br\/home\/wp-json\/wp\/v2\/product_tag?post=137"}],"curies":[{"name":"wp","href":"https:\/\/api.w.org\/{rel}","templated":true}]}}