{"id":2145,"date":"2020-02-01T09:28:42","date_gmt":"2020-02-01T12:28:42","guid":{"rendered":"https:\/\/cachacapedrabranca.com.br\/loja\/?post_type=product&#038;p=2145"},"modified":"2025-08-23T13:26:35","modified_gmt":"2025-08-23T16:26:35","slug":"licor-pedra-branca-banana-60-ml-01-unidade","status":"publish","type":"product","link":"https:\/\/cachacapedrabranca.com.br\/home\/produto\/licor-pedra-branca-banana-60-ml-01-unidade\/","title":{"rendered":"Licor Pedra Branca Banana 60ml &#8211; 01 unidade"},"content":{"rendered":"<p>Gradua\u00e7\u00e3o 25% vol.<br \/>\nLicor fino de Banana.<br \/>\nIngredientes: Cacha\u00e7a \u00e0 44% vol., a\u00e7\u00facar, polpa de banana e \u00e1gua.<br \/>\nO licor \u00e9 uma bebida doce, digestivo e ideal ap\u00f3s as refei\u00e7\u00f5es.<\/p>\n","protected":false},"excerpt":{"rendered":"<p>Gradua\u00e7\u00e3o 25% vol.<br \/>\nLicor fino de Banana.<br \/>\nIngredientes: Cacha\u00e7a \u00e0 44% vol., a\u00e7\u00facar, polpa de banana e \u00e1gua.<br \/>\nO licor \u00e9 uma bebida doce, digestivo e ideal ap\u00f3s as refei\u00e7\u00f5es.<\/p>\n","protected":false},"featured_media":9788,"comment_status":"open","ping_status":"closed","template":"","meta":{"_acf_changed":false},"product_brand":[],"product_cat":[229,215,195,177],"product_tag":[],"class_list":{"0":"post-2145","1":"product","2":"type-product","3":"status-publish","4":"has-post-thumbnail","6":"product_cat-banana","7":"product_cat-licores","8":"product_cat-60ml-licor-garrafa","9":"product_cat-todos-os-produtos","11":"first","12":"instock","13":"taxable","14":"shipping-taxable","15":"purchasable","16":"product-type-simple"},"acf":[],"aioseo_notices":[],"_links":{"self":[{"href":"https:\/\/cachacapedrabranca.com.br\/home\/wp-json\/wp\/v2\/product\/2145","targetHints":{"allow":["GET"]}}],"collection":[{"href":"https:\/\/cachacapedrabranca.com.br\/home\/wp-json\/wp\/v2\/product"}],"about":[{"href":"https:\/\/cachacapedrabranca.com.br\/home\/wp-json\/wp\/v2\/types\/product"}],"replies":[{"embeddable":true,"href":"https:\/\/cachacapedrabranca.com.br\/home\/wp-json\/wp\/v2\/comments?post=2145"}],"wp:featuredmedia":[{"embeddable":true,"href":"https:\/\/cachacapedrabranca.com.br\/home\/wp-json\/wp\/v2\/media\/9788"}],"wp:attachment":[{"href":"https:\/\/cachacapedrabranca.com.br\/home\/wp-json\/wp\/v2\/media?parent=2145"}],"wp:term":[{"taxonomy":"product_brand","embeddable":true,"href":"https:\/\/cachacapedrabranca.com.br\/home\/wp-json\/wp\/v2\/product_brand?post=2145"},{"taxonomy":"product_cat","embeddable":true,"href":"https:\/\/cachacapedrabranca.com.br\/home\/wp-json\/wp\/v2\/product_cat?post=2145"},{"taxonomy":"product_tag","embeddable":true,"href":"https:\/\/cachacapedrabranca.com.br\/home\/wp-json\/wp\/v2\/product_tag?post=2145"}],"curies":[{"name":"wp","href":"https:\/\/api.w.org\/{rel}","templated":true}]}}