{"id":2204,"date":"2020-02-03T21:44:37","date_gmt":"2020-02-04T00:44:37","guid":{"rendered":"https:\/\/cachacapedrabranca.com.br\/loja\/?post_type=product&#038;p=2204"},"modified":"2025-08-23T12:03:10","modified_gmt":"2025-08-23T15:03:10","slug":"licor-pedra-branca-capim-limao-275ml-01-unidade","status":"publish","type":"product","link":"https:\/\/cachacapedrabranca.com.br\/home\/produto\/licor-pedra-branca-capim-limao-275ml-01-unidade\/","title":{"rendered":"Licor Pedra Branca Capim Lim\u00e3o 275ml &#8211; 01 unidade"},"content":{"rendered":"<p>Gradua\u00e7\u00e3o 22% vol.<br \/>\nLicor Fino de Capim Lim\u00e3o e Hortel\u00e3.<br \/>\nIngredientes: Cacha\u00e7a \u00e0 44% vol., a\u00e7\u00facar, capim lim\u00e3o, hortel\u00e3 e \u00e1gua.<br \/>\nO licor \u00e9 uma bebida doce, digestivo e ideal ap\u00f3s as refei\u00e7\u00f5es.<\/p>\n","protected":false},"excerpt":{"rendered":"<p>Gradua\u00e7\u00e3o 22% vol.<br \/>\nLicor Fino de Capim Lim\u00e3o e Hortel\u00e3.<br \/>\nIngredientes: Cacha\u00e7a \u00e0 44% vol., a\u00e7\u00facar, capim lim\u00e3o, hortel\u00e3 e \u00e1gua.<br \/>\nO licor \u00e9 uma bebida doce, digestivo e ideal ap\u00f3s as refei\u00e7\u00f5es.<\/p>\n","protected":false},"featured_media":9768,"comment_status":"open","ping_status":"closed","template":"","meta":{"_acf_changed":false},"product_brand":[],"product_cat":[228,215,196,177],"product_tag":[],"class_list":{"0":"post-2204","1":"product","2":"type-product","3":"status-publish","4":"has-post-thumbnail","6":"product_cat-capim-limao","7":"product_cat-licores","8":"product_cat-275-ml-licor-garrafa","9":"product_cat-todos-os-produtos","11":"first","12":"instock","13":"taxable","14":"shipping-taxable","15":"purchasable","16":"product-type-simple"},"acf":[],"aioseo_notices":[],"_links":{"self":[{"href":"https:\/\/cachacapedrabranca.com.br\/home\/wp-json\/wp\/v2\/product\/2204","targetHints":{"allow":["GET"]}}],"collection":[{"href":"https:\/\/cachacapedrabranca.com.br\/home\/wp-json\/wp\/v2\/product"}],"about":[{"href":"https:\/\/cachacapedrabranca.com.br\/home\/wp-json\/wp\/v2\/types\/product"}],"replies":[{"embeddable":true,"href":"https:\/\/cachacapedrabranca.com.br\/home\/wp-json\/wp\/v2\/comments?post=2204"}],"wp:featuredmedia":[{"embeddable":true,"href":"https:\/\/cachacapedrabranca.com.br\/home\/wp-json\/wp\/v2\/media\/9768"}],"wp:attachment":[{"href":"https:\/\/cachacapedrabranca.com.br\/home\/wp-json\/wp\/v2\/media?parent=2204"}],"wp:term":[{"taxonomy":"product_brand","embeddable":true,"href":"https:\/\/cachacapedrabranca.com.br\/home\/wp-json\/wp\/v2\/product_brand?post=2204"},{"taxonomy":"product_cat","embeddable":true,"href":"https:\/\/cachacapedrabranca.com.br\/home\/wp-json\/wp\/v2\/product_cat?post=2204"},{"taxonomy":"product_tag","embeddable":true,"href":"https:\/\/cachacapedrabranca.com.br\/home\/wp-json\/wp\/v2\/product_tag?post=2204"}],"curies":[{"name":"wp","href":"https:\/\/api.w.org\/{rel}","templated":true}]}}