{"id":2241,"date":"2020-02-03T23:21:58","date_gmt":"2020-02-04T02:21:58","guid":{"rendered":"https:\/\/cachacapedrabranca.com.br\/loja\/?post_type=product&#038;p=2241"},"modified":"2025-08-23T10:48:36","modified_gmt":"2025-08-23T13:48:36","slug":"cais-do-porto-carvalho-e-umburana-700ml-01-unidade","status":"publish","type":"product","link":"https:\/\/cachacapedrabranca.com.br\/home\/produto\/cais-do-porto-carvalho-e-umburana-700ml-01-unidade\/","title":{"rendered":"Cais do Porto &#8211; Carvalho e Umburana 700ml &#8211; 01 unidade"},"content":{"rendered":"<p>Gradua\u00e7\u00e3o 42%vol, Blend de cacha\u00e7a envelhecida em barricas de carvalho franc\u00eas 2 anos e umburana 2 anos. Possui cor, aroma e sabor bem amadeirados.<\/p>\n<p>Em sua degusta\u00e7\u00e3o, possui o visual amarelo-ouro, densa e l\u00edmpida. No aroma \u00e9 fina, intensa e persistente, com marcantes aromas de folhas secas, fruta madura e madeira. No sabor \u00e9 leve, acidez equilibrada, macia, fina, intensa e persistente. Deixa uma boca enxuta, com impress\u00e3o final de ervas secas.<\/p>\n<p>Na harmoniza\u00e7\u00e3o, a Cais do Porto \u00e9 recomendada para acompanhar pratos principais de carnes vermelhas (assados, grelhados e cozidos), pratos com cordeiro, patos e su\u00ednos. Acompanha muito bem caldeiradas, cozido e a tradicional feijoada. Pode ser harmonizadas com sobremesas a base de bolos, tortas e sorvetes. Pode ser apreciada com gelo.<\/p>\n<p>Esta cacha\u00e7a \u00e9 um acompanhamento nobre para caf\u00e9s especiais assim como degusta\u00e7\u00e3o de charutos e cachimbos.<\/p>\n","protected":false},"excerpt":{"rendered":"<p>Gradua\u00e7\u00e3o 42%vol, Blend de cacha\u00e7a envelhecida em barricas de carvalho franc\u00eas 2 anos e umburana 2 anos. Possui cor, aroma e sabor bem amadeirados.<\/p>\n<p>Em sua degusta\u00e7\u00e3o, possui o visual amarelo-ouro, densa e l\u00edmpida. No aroma \u00e9 fina, intensa e persistente, com marcantes aromas de folhas secas, fruta madura e madeira. No sabor \u00e9 leve, acidez equilibrada, macia, fina, intensa e persistente. Deixa uma boca enxuta, com impress\u00e3o final de ervas secas.<\/p>\n<p>Na harmoniza\u00e7\u00e3o, a\u00a0Cais do Porto\u00a0\u00e9 recomendada para acompanhar pratos principais de carnes vermelhas (assados, grelhados e cozidos), pratos com cordeiro, patos e su\u00ednos. Acompanha muito bem caldeiradas, cozido e a tradicional feijoada. Pode ser harmonizadas com sobremesas a base de bolos, tortas e sorvetes. Pode ser apreciada com gelo.<\/p>\n<p>Esta cacha\u00e7a \u00e9 um acompanhamento nobre para caf\u00e9s especiais assim como degusta\u00e7\u00e3o de charutos e cachimbos.<\/p>\n","protected":false},"featured_media":9759,"comment_status":"open","ping_status":"closed","template":"","meta":{"_acf_changed":false},"product_brand":[],"product_cat":[214,185,193,208,177],"product_tag":[],"class_list":{"0":"post-2241","1":"product","2":"type-product","3":"status-publish","4":"has-post-thumbnail","6":"product_cat-cachaca","7":"product_cat-cachacas-especiais","8":"product_cat-700ml-cachaca-garrafa","9":"product_cat-cais-do-porto","10":"product_cat-todos-os-produtos","12":"first","13":"instock","14":"taxable","15":"shipping-taxable","16":"purchasable","17":"product-type-simple"},"acf":[],"aioseo_notices":[],"_links":{"self":[{"href":"https:\/\/cachacapedrabranca.com.br\/home\/wp-json\/wp\/v2\/product\/2241","targetHints":{"allow":["GET"]}}],"collection":[{"href":"https:\/\/cachacapedrabranca.com.br\/home\/wp-json\/wp\/v2\/product"}],"about":[{"href":"https:\/\/cachacapedrabranca.com.br\/home\/wp-json\/wp\/v2\/types\/product"}],"replies":[{"embeddable":true,"href":"https:\/\/cachacapedrabranca.com.br\/home\/wp-json\/wp\/v2\/comments?post=2241"}],"wp:featuredmedia":[{"embeddable":true,"href":"https:\/\/cachacapedrabranca.com.br\/home\/wp-json\/wp\/v2\/media\/9759"}],"wp:attachment":[{"href":"https:\/\/cachacapedrabranca.com.br\/home\/wp-json\/wp\/v2\/media?parent=2241"}],"wp:term":[{"taxonomy":"product_brand","embeddable":true,"href":"https:\/\/cachacapedrabranca.com.br\/home\/wp-json\/wp\/v2\/product_brand?post=2241"},{"taxonomy":"product_cat","embeddable":true,"href":"https:\/\/cachacapedrabranca.com.br\/home\/wp-json\/wp\/v2\/product_cat?post=2241"},{"taxonomy":"product_tag","embeddable":true,"href":"https:\/\/cachacapedrabranca.com.br\/home\/wp-json\/wp\/v2\/product_tag?post=2241"}],"curies":[{"name":"wp","href":"https:\/\/api.w.org\/{rel}","templated":true}]}}