{"id":2245,"date":"2020-02-03T23:29:51","date_gmt":"2020-02-04T02:29:51","guid":{"rendered":"https:\/\/cachacapedrabranca.com.br\/loja\/?post_type=product&#038;p=2245"},"modified":"2025-08-23T11:45:51","modified_gmt":"2025-08-23T14:45:51","slug":"cachaca-pedra-branca-tradicao-700ml-01-unidade","status":"publish","type":"product","link":"https:\/\/cachacapedrabranca.com.br\/home\/produto\/cachaca-pedra-branca-tradicao-700ml-01-unidade\/","title":{"rendered":"Cacha\u00e7a Pedra Branca Tradi\u00e7\u00e3o 700ml &#8211; 01 unidade"},"content":{"rendered":"<p>Gradua\u00e7\u00e3o 44% vol, cacha\u00e7a branca tradicional, armazenada em tanques de a\u00e7o inox.<\/p>\n<p>Em sua degusta\u00e7\u00e3o, possui o visual de cacha\u00e7a branca, densa e l\u00edmpida. No aroma \u00e9 fina, intensa e persistente. Lembra muito o suco da cana com boa fruta. No sabor \u00e9 leve, com acidez equilibrada, macia, fina, intensa e persistente. Deixa uma boca limpa, com notas de vegetais.<\/p>\n<p>Na harmoniza\u00e7\u00e3o, a Pedra Branca\u00a0Tradi\u00e7\u00e3o \u00e9 pr\u00f3pria para acompanhar entradas como saladas, vinagretes de frutos do mar, aperitivos e sopas leves ou caldinhos. Acompanha pratos de peixes, camar\u00f5es, lagostas, risotos, bacalhau e aves de carne branca.<\/p>\n<p>\u00c9 tamb\u00e9m a mais recomendada para a caipirinha assim como drinques e batidas de frutas.<\/p>\n","protected":false},"excerpt":{"rendered":"<p>Gradua\u00e7\u00e3o 44% vol, cacha\u00e7a branca tradicional, armazenada em tanques de a\u00e7o inox.<\/p>\n<p>Em sua degusta\u00e7\u00e3o, possui o visual de cacha\u00e7a branca, densa e l\u00edmpida. No aroma \u00e9 fina, intensa e persistente. Lembra muito o suco da cana com boa fruta. No sabor \u00e9 leve, com acidez equilibrada, macia, fina, intensa e persistente. Deixa uma boca limpa, com notas de vegetais.<\/p>\n<p>Na harmoniza\u00e7\u00e3o, a Pedra Branca\u00a0Tradi\u00e7\u00e3o\u00a0\u00e9 pr\u00f3pria para acompanhar entradas como saladas, vinagretes de frutos do mar, aperitivos e sopas leves ou caldinhos. Acompanha pratos de peixes, camar\u00f5es, lagostas, risotos, bacalhau e aves de carne branca.<\/p>\n<p>\u00c9 tamb\u00e9m a mais recomendada para a caipirinha assim como drinques e batidas de frutas.<\/p>\n","protected":false},"featured_media":9758,"comment_status":"open","ping_status":"closed","template":"","meta":{"_acf_changed":false},"product_brand":[],"product_cat":[214,206,193,177],"product_tag":[],"class_list":{"0":"post-2245","1":"product","2":"type-product","3":"status-publish","4":"has-post-thumbnail","6":"product_cat-cachaca","7":"product_cat-cachaca-tradicao","8":"product_cat-700ml-cachaca-garrafa","9":"product_cat-todos-os-produtos","11":"first","12":"instock","13":"taxable","14":"shipping-taxable","15":"purchasable","16":"product-type-simple"},"acf":[],"aioseo_notices":[],"_links":{"self":[{"href":"https:\/\/cachacapedrabranca.com.br\/home\/wp-json\/wp\/v2\/product\/2245","targetHints":{"allow":["GET"]}}],"collection":[{"href":"https:\/\/cachacapedrabranca.com.br\/home\/wp-json\/wp\/v2\/product"}],"about":[{"href":"https:\/\/cachacapedrabranca.com.br\/home\/wp-json\/wp\/v2\/types\/product"}],"replies":[{"embeddable":true,"href":"https:\/\/cachacapedrabranca.com.br\/home\/wp-json\/wp\/v2\/comments?post=2245"}],"wp:featuredmedia":[{"embeddable":true,"href":"https:\/\/cachacapedrabranca.com.br\/home\/wp-json\/wp\/v2\/media\/9758"}],"wp:attachment":[{"href":"https:\/\/cachacapedrabranca.com.br\/home\/wp-json\/wp\/v2\/media?parent=2245"}],"wp:term":[{"taxonomy":"product_brand","embeddable":true,"href":"https:\/\/cachacapedrabranca.com.br\/home\/wp-json\/wp\/v2\/product_brand?post=2245"},{"taxonomy":"product_cat","embeddable":true,"href":"https:\/\/cachacapedrabranca.com.br\/home\/wp-json\/wp\/v2\/product_cat?post=2245"},{"taxonomy":"product_tag","embeddable":true,"href":"https:\/\/cachacapedrabranca.com.br\/home\/wp-json\/wp\/v2\/product_tag?post=2245"}],"curies":[{"name":"wp","href":"https:\/\/api.w.org\/{rel}","templated":true}]}}