{"id":234,"date":"2018-03-26T15:27:08","date_gmt":"2018-03-26T18:27:08","guid":{"rendered":"https:\/\/cachacapedrabranca.com.br\/loja\/?post_type=product&#038;p=234"},"modified":"2025-08-23T13:31:15","modified_gmt":"2025-08-23T16:31:15","slug":"licor-pedra-branca-tangerina-375ml-01-unidade","status":"publish","type":"product","link":"https:\/\/cachacapedrabranca.com.br\/home\/produto\/licor-pedra-branca-tangerina-375ml-01-unidade\/","title":{"rendered":"Licor Pedra Branca Tangerina 500ml &#8211; 01 unidade"},"content":{"rendered":"<p>Gradua\u00e7\u00e3o 25% vol.<br \/>\nLicor fino de Tangerina.<br \/>\nIngredientes: Cacha\u00e7a \u00e1 44% vol., a\u00e7\u00facar, polpa de banana e \u00e1gua.<br \/>\nO licor \u00e9 uma bebida doce, digestivo e ideal ap\u00f3s as refei\u00e7\u00f5es.<\/p>\n","protected":false},"excerpt":{"rendered":"<p>Gradua\u00e7\u00e3o 25% vol.<br \/>\nLicor fino de Tangerina.<br \/>\nIngredientes: Cacha\u00e7a \u00e1 44% vol., a\u00e7\u00facar, polpa de banana e \u00e1gua.<br \/>\nO licor \u00e9 uma bebida doce, digestivo e ideal ap\u00f3s as refei\u00e7\u00f5es.<\/p>\n","protected":false},"featured_media":9797,"comment_status":"open","ping_status":"closed","template":"","meta":{"_acf_changed":false},"product_brand":[],"product_cat":[235,215,197,177],"product_tag":[],"class_list":{"0":"post-234","1":"product","2":"type-product","3":"status-publish","4":"has-post-thumbnail","6":"product_cat-tangerina","7":"product_cat-licores","8":"product_cat-500-mllicor-garrafa","9":"product_cat-todos-os-produtos","11":"first","12":"instock","13":"taxable","14":"shipping-taxable","15":"purchasable","16":"product-type-simple"},"acf":[],"aioseo_notices":[],"_links":{"self":[{"href":"https:\/\/cachacapedrabranca.com.br\/home\/wp-json\/wp\/v2\/product\/234","targetHints":{"allow":["GET"]}}],"collection":[{"href":"https:\/\/cachacapedrabranca.com.br\/home\/wp-json\/wp\/v2\/product"}],"about":[{"href":"https:\/\/cachacapedrabranca.com.br\/home\/wp-json\/wp\/v2\/types\/product"}],"replies":[{"embeddable":true,"href":"https:\/\/cachacapedrabranca.com.br\/home\/wp-json\/wp\/v2\/comments?post=234"}],"wp:featuredmedia":[{"embeddable":true,"href":"https:\/\/cachacapedrabranca.com.br\/home\/wp-json\/wp\/v2\/media\/9797"}],"wp:attachment":[{"href":"https:\/\/cachacapedrabranca.com.br\/home\/wp-json\/wp\/v2\/media?parent=234"}],"wp:term":[{"taxonomy":"product_brand","embeddable":true,"href":"https:\/\/cachacapedrabranca.com.br\/home\/wp-json\/wp\/v2\/product_brand?post=234"},{"taxonomy":"product_cat","embeddable":true,"href":"https:\/\/cachacapedrabranca.com.br\/home\/wp-json\/wp\/v2\/product_cat?post=234"},{"taxonomy":"product_tag","embeddable":true,"href":"https:\/\/cachacapedrabranca.com.br\/home\/wp-json\/wp\/v2\/product_tag?post=234"}],"curies":[{"name":"wp","href":"https:\/\/api.w.org\/{rel}","templated":true}]}}