{"id":9745,"date":"2017-02-14T00:53:04","date_gmt":"2017-02-14T02:53:04","guid":{"rendered":"https:\/\/cachacapedrabranca.com.br\/loja\/?post_type=product&#038;p=52"},"modified":"2025-08-23T13:59:00","modified_gmt":"2025-08-23T16:59:00","slug":"caramelada-pedra-branca-700ml-01-unidade","status":"publish","type":"product","link":"https:\/\/cachacapedrabranca.com.br\/home\/produto\/caramelada-pedra-branca-700ml-01-unidade\/","title":{"rendered":"Caramelada Pedra Branca 700ml &#8211; 01 unidade"},"content":{"rendered":"<p>Gradua\u00e7\u00e3o 31 %vol.<\/p>\n<p>A Aguardente Pedra Branca Caramelada \u00e9 produzida a partir da cacha\u00e7a Drink\u2019s (branca tradicional) \u00e9 realizada uma infus\u00e3o com gengibre e posteriormente composta com puro melado de cana tamb\u00e9m produzido no Alambique Pedra Branca.<\/p>\n<p>Possui cor de caramelo oriundo do melado, aroma e sabor que remetem \u00e0 rapadura e ao a\u00e7\u00facar mascavo, podendo ser utilizada como licor e preparo de drinques.<\/p>\n<p>\u00c9 armazenada em tanques de a\u00e7o inox.<\/p>\n<p>Foi criada em Paraty na d\u00e9cada de 1980 se tornando uma das tradi\u00e7\u00f5es do Festival da Cacha\u00e7a de Paraty.<\/p>\n","protected":false},"excerpt":{"rendered":"<p>Gradua\u00e7\u00e3o 31 %vol.<\/p>\n<p>A Aguardente Pedra Branca Caramelada \u00e9 produzida a partir da cacha\u00e7a Drink\u2019s (branca tradicional) \u00e9 realizada uma infus\u00e3o com gengibre e posteriormente composta com puro melado de cana tamb\u00e9m produzido no Alambique Pedra Branca.<\/p>\n<p>Possui cor de caramelo oriundo do melado, aroma e sabor que remetem \u00e0 rapadura e ao a\u00e7\u00facar mascavo, podendo ser utilizada como licor e preparo de drinques.<\/p>\n<p>\u00c9 armazenada em tanques de a\u00e7o inox.<\/p>\n<p>Foi criada em Paraty na d\u00e9cada de 1980 se tornando uma das tradi\u00e7\u00f5es do Festival da Cacha\u00e7a de Paraty.<\/p>\n","protected":false},"featured_media":10066,"comment_status":"open","ping_status":"closed","template":"","meta":{"_acf_changed":false},"product_brand":[],"product_cat":[238,227,215,193,177],"product_tag":[],"class_list":{"0":"post-9745","1":"product","2":"type-product","3":"status-publish","4":"has-post-thumbnail","6":"product_cat-700ml-licor-garrafa","7":"product_cat-caramelada","8":"product_cat-licores","9":"product_cat-700ml-cachaca-garrafa","10":"product_cat-todos-os-produtos","12":"first","13":"instock","14":"taxable","15":"shipping-taxable","16":"purchasable","17":"product-type-simple"},"acf":[],"aioseo_notices":[],"_links":{"self":[{"href":"https:\/\/cachacapedrabranca.com.br\/home\/wp-json\/wp\/v2\/product\/9745","targetHints":{"allow":["GET"]}}],"collection":[{"href":"https:\/\/cachacapedrabranca.com.br\/home\/wp-json\/wp\/v2\/product"}],"about":[{"href":"https:\/\/cachacapedrabranca.com.br\/home\/wp-json\/wp\/v2\/types\/product"}],"replies":[{"embeddable":true,"href":"https:\/\/cachacapedrabranca.com.br\/home\/wp-json\/wp\/v2\/comments?post=9745"}],"wp:featuredmedia":[{"embeddable":true,"href":"https:\/\/cachacapedrabranca.com.br\/home\/wp-json\/wp\/v2\/media\/10066"}],"wp:attachment":[{"href":"https:\/\/cachacapedrabranca.com.br\/home\/wp-json\/wp\/v2\/media?parent=9745"}],"wp:term":[{"taxonomy":"product_brand","embeddable":true,"href":"https:\/\/cachacapedrabranca.com.br\/home\/wp-json\/wp\/v2\/product_brand?post=9745"},{"taxonomy":"product_cat","embeddable":true,"href":"https:\/\/cachacapedrabranca.com.br\/home\/wp-json\/wp\/v2\/product_cat?post=9745"},{"taxonomy":"product_tag","embeddable":true,"href":"https:\/\/cachacapedrabranca.com.br\/home\/wp-json\/wp\/v2\/product_tag?post=9745"}],"curies":[{"name":"wp","href":"https:\/\/api.w.org\/{rel}","templated":true}]}}