{"id":9750,"date":"2018-04-18T14:50:51","date_gmt":"2018-04-18T17:50:51","guid":{"rendered":"https:\/\/cachacapedrabranca.com.br\/loja\/?post_type=product&#038;p=238"},"modified":"2025-08-23T13:30:18","modified_gmt":"2025-08-23T16:30:18","slug":"melado-de-cana-pedra-branca-268ml","status":"publish","type":"product","link":"https:\/\/cachacapedrabranca.com.br\/home\/produto\/melado-de-cana-pedra-branca-268ml\/","title":{"rendered":"MELADO DE CANA PEDRA BRANCA 268ml"},"content":{"rendered":"<p>Ingrediente: Calda de cana de a\u00e7\u00facar<\/p>\n<p>O melado de cana traz muito benef\u00edcios \u00e0 sa\u00fade, podendo ser considerado um suprimento alimentar. \u00c9 um alimento nutritivo ricos em minerais e fornece energia para o corpo.<\/p>\n<p>O melado tamb\u00e9m pode atuar como ado\u00e7ante natural, substituindo o a\u00e7\u00facar industrializado.<\/p>\n<p><strong>Benef\u00edcios do Melado<\/strong><\/p>\n<p>&#8211; Rico em ferro, ideal para mulheres gr\u00e1vidas, an\u00eamicas e as que perdem muito sangue na menstrua\u00e7\u00e3o. \u00c9 excelente para preven\u00e7\u00e3o de problemas relacionada com a defici\u00eancia de ferro, tem a capacidade de aumentar a ferritina.<\/p>\n<p>&#8211; Rico em c\u00e1lcio e magn\u00e9sio, que auxiliam o crescimento e o desenvolvimento dos ossos.<\/p>\n<p>&#8211; Cont\u00e9m pot\u00e1ssio, ben\u00e9fico para o sistema nervoso e ajuda a manter o sistema cardiovascular saud\u00e1vel e em forma.<\/p>\n<p>&#8211; Possui sel\u00eanio que \u00e9 um antioxidante maravilhoso que ajuda na preven\u00e7\u00e3o de doen\u00e7as cancerosas<\/p>\n","protected":false},"excerpt":{"rendered":"<p>Ingrediente: Calda de cana de a\u00e7\u00facar<\/p>\n<p>O melado de cana traz muito benef\u00edcios \u00e0 sa\u00fade, podendo ser considerado um suprimento alimentar. \u00c9 um alimento nutritivo ricos em minerais e fornece energia para o corpo.<\/p>\n<p>O melado tamb\u00e9m pode atuar como ado\u00e7ante natural, substituindo o a\u00e7\u00facar industrializado.<\/p>\n<p><strong>Benef\u00edcios do Melado<\/strong><\/p>\n<p>&#8211; Rico em ferro, ideal para mulheres gr\u00e1vidas, an\u00eamicas e as que perdem muito sangue na menstrua\u00e7\u00e3o. \u00c9 excelente para preven\u00e7\u00e3o de problemas relacionada com a defici\u00eancia de ferro, tem a capacidade de aumentar a ferritina.<\/p>\n<p>&#8211; Rico em c\u00e1lcio e magn\u00e9sio, que auxiliam o crescimento e o desenvolvimento dos ossos.<\/p>\n<p>&#8211; Cont\u00e9m pot\u00e1ssio, ben\u00e9fico para o sistema nervoso e ajuda a manter o sistema cardiovascular saud\u00e1vel e em forma.<\/p>\n<p>&#8211; Possui sel\u00eanio que \u00e9 um antioxidante maravilhoso que ajuda na preven\u00e7\u00e3o de doen\u00e7as cancerosas<\/p>\n","protected":false},"featured_media":9796,"comment_status":"open","ping_status":"closed","template":"","meta":{"_acf_changed":false},"product_brand":[],"product_cat":[183,189,177],"product_tag":[],"class_list":{"0":"post-9750","1":"product","2":"type-product","3":"status-publish","4":"has-post-thumbnail","6":"product_cat-diversos","7":"product_cat-melado-de-cana","8":"product_cat-todos-os-produtos","10":"first","11":"instock","12":"taxable","13":"shipping-taxable","14":"purchasable","15":"product-type-simple"},"acf":[],"aioseo_notices":[],"_links":{"self":[{"href":"https:\/\/cachacapedrabranca.com.br\/home\/wp-json\/wp\/v2\/product\/9750","targetHints":{"allow":["GET"]}}],"collection":[{"href":"https:\/\/cachacapedrabranca.com.br\/home\/wp-json\/wp\/v2\/product"}],"about":[{"href":"https:\/\/cachacapedrabranca.com.br\/home\/wp-json\/wp\/v2\/types\/product"}],"replies":[{"embeddable":true,"href":"https:\/\/cachacapedrabranca.com.br\/home\/wp-json\/wp\/v2\/comments?post=9750"}],"wp:featuredmedia":[{"embeddable":true,"href":"https:\/\/cachacapedrabranca.com.br\/home\/wp-json\/wp\/v2\/media\/9796"}],"wp:attachment":[{"href":"https:\/\/cachacapedrabranca.com.br\/home\/wp-json\/wp\/v2\/media?parent=9750"}],"wp:term":[{"taxonomy":"product_brand","embeddable":true,"href":"https:\/\/cachacapedrabranca.com.br\/home\/wp-json\/wp\/v2\/product_brand?post=9750"},{"taxonomy":"product_cat","embeddable":true,"href":"https:\/\/cachacapedrabranca.com.br\/home\/wp-json\/wp\/v2\/product_cat?post=9750"},{"taxonomy":"product_tag","embeddable":true,"href":"https:\/\/cachacapedrabranca.com.br\/home\/wp-json\/wp\/v2\/product_tag?post=9750"}],"curies":[{"name":"wp","href":"https:\/\/api.w.org\/{rel}","templated":true}]}}