{"id":9995,"date":"2020-06-09T12:51:15","date_gmt":"2020-06-09T15:51:15","guid":{"rendered":"https:\/\/cachacapedrabranca.com.br\/home\/?post_type=product&#038;p=9995"},"modified":"2025-08-23T11:28:01","modified_gmt":"2025-08-23T14:28:01","slug":"licor-pedra-branca-tangerina-275ml-01-unidade","status":"publish","type":"product","link":"https:\/\/cachacapedrabranca.com.br\/home\/produto\/licor-pedra-branca-tangerina-275ml-01-unidade\/","title":{"rendered":"Licor Pedra Branca Tangerina 275ml &#8211; 01 unidade"},"content":{"rendered":"<p>Gradua\u00e7\u00e3o 22% vol.<br \/>\nLicor fino de Tangerina.<br \/>\nIngredientes: Cacha\u00e7a drinks \u00e0 44% ,\u00a0 Tangerina, a\u00e7\u00facar e \u00e1gua.<br \/>\nO licor \u00e9 uma bebida doce, digestivo e ideal ap\u00f3s as refei\u00e7\u00f5es.<\/p>\n","protected":false},"excerpt":{"rendered":"<p>Gradua\u00e7\u00e3o 22% vol.<br \/>\nLicor fino de Tangerina.<br \/>\nIngredientes: Cacha\u00e7a drinks \u00e0 44% ,\u00a0 Tangerina, a\u00e7\u00facar e \u00e1gua.<br \/>\nO licor \u00e9 uma bebida doce, digestivo e ideal ap\u00f3s as refei\u00e7\u00f5es.<\/p>\n","protected":false},"featured_media":10052,"comment_status":"open","ping_status":"closed","template":"","meta":{"_acf_changed":false},"product_brand":[],"product_cat":[235,215,196,177],"product_tag":[],"class_list":{"0":"post-9995","1":"product","2":"type-product","3":"status-publish","4":"has-post-thumbnail","6":"product_cat-tangerina","7":"product_cat-licores","8":"product_cat-275-ml-licor-garrafa","9":"product_cat-todos-os-produtos","11":"first","12":"instock","13":"taxable","14":"shipping-taxable","15":"purchasable","16":"product-type-simple"},"acf":[],"aioseo_notices":[],"_links":{"self":[{"href":"https:\/\/cachacapedrabranca.com.br\/home\/wp-json\/wp\/v2\/product\/9995","targetHints":{"allow":["GET"]}}],"collection":[{"href":"https:\/\/cachacapedrabranca.com.br\/home\/wp-json\/wp\/v2\/product"}],"about":[{"href":"https:\/\/cachacapedrabranca.com.br\/home\/wp-json\/wp\/v2\/types\/product"}],"replies":[{"embeddable":true,"href":"https:\/\/cachacapedrabranca.com.br\/home\/wp-json\/wp\/v2\/comments?post=9995"}],"wp:featuredmedia":[{"embeddable":true,"href":"https:\/\/cachacapedrabranca.com.br\/home\/wp-json\/wp\/v2\/media\/10052"}],"wp:attachment":[{"href":"https:\/\/cachacapedrabranca.com.br\/home\/wp-json\/wp\/v2\/media?parent=9995"}],"wp:term":[{"taxonomy":"product_brand","embeddable":true,"href":"https:\/\/cachacapedrabranca.com.br\/home\/wp-json\/wp\/v2\/product_brand?post=9995"},{"taxonomy":"product_cat","embeddable":true,"href":"https:\/\/cachacapedrabranca.com.br\/home\/wp-json\/wp\/v2\/product_cat?post=9995"},{"taxonomy":"product_tag","embeddable":true,"href":"https:\/\/cachacapedrabranca.com.br\/home\/wp-json\/wp\/v2\/product_tag?post=9995"}],"curies":[{"name":"wp","href":"https:\/\/api.w.org\/{rel}","templated":true}]}}